{"id":512,"date":"2018-06-11T02:21:06","date_gmt":"2018-06-11T02:21:06","guid":{"rendered":"http:\/\/bogfimisetrid.is\/setrid\/?post_type=product&#038;p=512"},"modified":"2025-04-11T19:46:47","modified_gmt":"2025-04-11T19:46:47","slug":"avalon-tec-one-target-orvamaelir-svartur-svartur-rh-copy","status":"publish","type":"product","link":"https:\/\/bogfimisetrid.is\/setrid\/product\/avalon-tec-one-target-orvamaelir-svartur-svartur-rh-copy\/","title":{"rendered":"Avalon Classic Target \u00d6rvam\u00e6lir Svartur\/Svartur RH"},"content":{"rendered":"<p>H\u00e6gt a\u00f0 s\u00e9rpanta \u00ed LH og RH<\/p>\n<p>H\u00e6gt er a\u00f0 s\u00e9rpanta a\u00f0ra liti. \u00d6rvam\u00e6lirinn \u00ed lit en eldurinn svartur \u00ed Grey, Blue, Red, Black, Green, Dark Red, Orange, Pink e\u00f0a Purple<\/p>\n<p>e\u00f0a Svartann me\u00f0 Eldinn \u00ed Grey, Blue, Red, Black, Green, Dark Red, Orange, Pink e\u00f0a Purple.<\/p>\n<p>&nbsp;<\/p>\n","protected":false},"excerpt":{"rendered":"<p>H\u00e6gt a\u00f0 s\u00e9rpanta \u00ed LH og RH H\u00e6gt er a\u00f0 s\u00e9rpanta a\u00f0ra liti. \u00d6rvam\u00e6lirinn \u00ed lit en eldurinn svartur \u00ed Grey, Blue, Red, Black, Green, Dark Red, Orange, Pink e\u00f0a Purple e\u00f0a Svartann me\u00f0 Eldinn \u00ed Grey, Blue, Red, Black, Green, Dark Red, Orange, Pink e\u00f0a Purple. &nbsp;<\/p>\n","protected":false},"featured_media":3524,"template":"","meta":{"jetpack_post_was_ever_published":false,"jetpack_publicize_message":"","jetpack_publicize_feature_enabled":true,"jetpack_social_post_already_shared":false,"jetpack_social_options":{"image_generator_settings":{"template":"highway","default_image_id":0,"font":"","enabled":false},"version":2}},"product_brand":[],"product_cat":[29,30],"product_tag":[],"class_list":{"0":"post-512","1":"product","2":"type-product","3":"status-publish","4":"has-post-thumbnail","6":"product_cat-shooting-gear","7":"product_cat-orvamaelar","9":"first","10":"outofstock","11":"taxable","12":"shipping-taxable","13":"purchasable","14":"product-type-simple"},"yoast_head":"<!-- This site is optimized with the Yoast SEO plugin v27.4 - https:\/\/yoast.com\/product\/yoast-seo-wordpress\/ -->\n<title>Avalon Classic Target \u00d6rvam\u00e6lir Svartur\/Svartur RH - Bogfimisetri\u00f0<\/title>\n<meta name=\"robots\" content=\"index, follow, max-snippet:-1, max-image-preview:large, max-video-preview:-1\" \/>\n<link rel=\"canonical\" href=\"https:\/\/bogfimisetrid.is\/setrid\/product\/avalon-tec-one-target-orvamaelir-svartur-svartur-rh-copy\/\" \/>\n<meta property=\"og:locale\" content=\"is_IS\" \/>\n<meta property=\"og:type\" content=\"article\" \/>\n<meta property=\"og:title\" content=\"Avalon Classic Target \u00d6rvam\u00e6lir Svartur\/Svartur RH - Bogfimisetri\u00f0\" \/>\n<meta property=\"og:description\" content=\"H\u00e6gt a\u00f0 s\u00e9rpanta \u00ed LH og RH H\u00e6gt er a\u00f0 s\u00e9rpanta a\u00f0ra liti. \u00d6rvam\u00e6lirinn \u00ed lit en eldurinn svartur \u00ed Grey, Blue, Red, Black, Green, Dark Red, Orange, Pink e\u00f0a Purple e\u00f0a Svartann me\u00f0 Eldinn \u00ed Grey, Blue, Red, Black, Green, Dark Red, Orange, Pink e\u00f0a Purple. &nbsp;\" \/>\n<meta property=\"og:url\" content=\"https:\/\/bogfimisetrid.is\/setrid\/product\/avalon-tec-one-target-orvamaelir-svartur-svartur-rh-copy\/\" \/>\n<meta property=\"og:site_name\" content=\"Bogfimisetri\u00f0\" \/>\n<meta property=\"article:publisher\" content=\"https:\/\/www.facebook.com\/Bogfimisetrid\/?ref=br_rs\" \/>\n<meta property=\"article:modified_time\" content=\"2025-04-11T19:46:47+00:00\" \/>\n<meta property=\"og:image\" content=\"https:\/\/bogfimisetrid.is\/setrid\/wp-content\/uploads\/2018\/06\/Avalon-Target.jpg\" \/>\n\t<meta property=\"og:image:width\" content=\"895\" \/>\n\t<meta property=\"og:image:height\" content=\"1024\" \/>\n\t<meta property=\"og:image:type\" content=\"image\/jpeg\" \/>\n<meta name=\"twitter:card\" content=\"summary_large_image\" \/>\n<meta name=\"twitter:label1\" content=\"Est. reading time\" \/>\n\t<meta name=\"twitter:data1\" content=\"1 minute\" \/>\n<script type=\"application\/ld+json\" class=\"yoast-schema-graph\">{\"@context\":\"https:\\\/\\\/schema.org\",\"@graph\":[{\"@type\":\"WebPage\",\"@id\":\"https:\\\/\\\/bogfimisetrid.is\\\/setrid\\\/product\\\/avalon-tec-one-target-orvamaelir-svartur-svartur-rh-copy\\\/\",\"url\":\"https:\\\/\\\/bogfimisetrid.is\\\/setrid\\\/product\\\/avalon-tec-one-target-orvamaelir-svartur-svartur-rh-copy\\\/\",\"name\":\"Avalon Classic Target \u00d6rvam\u00e6lir Svartur\\\/Svartur RH - Bogfimisetri\u00f0\",\"isPartOf\":{\"@id\":\"https:\\\/\\\/bogfimisetrid.is\\\/setrid\\\/#website\"},\"primaryImageOfPage\":{\"@id\":\"https:\\\/\\\/bogfimisetrid.is\\\/setrid\\\/product\\\/avalon-tec-one-target-orvamaelir-svartur-svartur-rh-copy\\\/#primaryimage\"},\"image\":{\"@id\":\"https:\\\/\\\/bogfimisetrid.is\\\/setrid\\\/product\\\/avalon-tec-one-target-orvamaelir-svartur-svartur-rh-copy\\\/#primaryimage\"},\"thumbnailUrl\":\"https:\\\/\\\/bogfimisetrid.is\\\/setrid\\\/wp-content\\\/uploads\\\/2018\\\/06\\\/Avalon-Target.jpg\",\"datePublished\":\"2018-06-11T02:21:06+00:00\",\"dateModified\":\"2025-04-11T19:46:47+00:00\",\"breadcrumb\":{\"@id\":\"https:\\\/\\\/bogfimisetrid.is\\\/setrid\\\/product\\\/avalon-tec-one-target-orvamaelir-svartur-svartur-rh-copy\\\/#breadcrumb\"},\"inLanguage\":\"is\",\"potentialAction\":[{\"@type\":\"ReadAction\",\"target\":[\"https:\\\/\\\/bogfimisetrid.is\\\/setrid\\\/product\\\/avalon-tec-one-target-orvamaelir-svartur-svartur-rh-copy\\\/\"]}]},{\"@type\":\"ImageObject\",\"inLanguage\":\"is\",\"@id\":\"https:\\\/\\\/bogfimisetrid.is\\\/setrid\\\/product\\\/avalon-tec-one-target-orvamaelir-svartur-svartur-rh-copy\\\/#primaryimage\",\"url\":\"https:\\\/\\\/bogfimisetrid.is\\\/setrid\\\/wp-content\\\/uploads\\\/2018\\\/06\\\/Avalon-Target.jpg\",\"contentUrl\":\"https:\\\/\\\/bogfimisetrid.is\\\/setrid\\\/wp-content\\\/uploads\\\/2018\\\/06\\\/Avalon-Target.jpg\",\"width\":895,\"height\":1024},{\"@type\":\"BreadcrumbList\",\"@id\":\"https:\\\/\\\/bogfimisetrid.is\\\/setrid\\\/product\\\/avalon-tec-one-target-orvamaelir-svartur-svartur-rh-copy\\\/#breadcrumb\",\"itemListElement\":[{\"@type\":\"ListItem\",\"position\":1,\"name\":\"Home\",\"item\":\"https:\\\/\\\/bogfimisetrid.is\\\/setrid\\\/\"},{\"@type\":\"ListItem\",\"position\":2,\"name\":\"Shop\",\"item\":\"https:\\\/\\\/bogfimisetrid.is\\\/setrid\\\/shop\\\/\"},{\"@type\":\"ListItem\",\"position\":3,\"name\":\"Avalon Classic Target \u00d6rvam\u00e6lir Svartur\\\/Svartur RH\"}]},{\"@type\":\"WebSite\",\"@id\":\"https:\\\/\\\/bogfimisetrid.is\\\/setrid\\\/#website\",\"url\":\"https:\\\/\\\/bogfimisetrid.is\\\/setrid\\\/\",\"name\":\"Bogfimisetri\u00f0\",\"description\":\"Fyrir alla fj\u00f6lskylduna\",\"publisher\":{\"@id\":\"https:\\\/\\\/bogfimisetrid.is\\\/setrid\\\/#organization\"},\"potentialAction\":[{\"@type\":\"SearchAction\",\"target\":{\"@type\":\"EntryPoint\",\"urlTemplate\":\"https:\\\/\\\/bogfimisetrid.is\\\/setrid\\\/?s={search_term_string}\"},\"query-input\":{\"@type\":\"PropertyValueSpecification\",\"valueRequired\":true,\"valueName\":\"search_term_string\"}}],\"inLanguage\":\"is\"},{\"@type\":\"Organization\",\"@id\":\"https:\\\/\\\/bogfimisetrid.is\\\/setrid\\\/#organization\",\"name\":\"Bogfimisetrid Archery Range\",\"url\":\"https:\\\/\\\/bogfimisetrid.is\\\/setrid\\\/\",\"logo\":{\"@type\":\"ImageObject\",\"inLanguage\":\"is\",\"@id\":\"https:\\\/\\\/bogfimisetrid.is\\\/setrid\\\/#\\\/schema\\\/logo\\\/image\\\/\",\"url\":\"https:\\\/\\\/bogfimisetrid.is\\\/setrid\\\/wp-content\\\/uploads\\\/2018\\\/02\\\/logo.png\",\"contentUrl\":\"https:\\\/\\\/bogfimisetrid.is\\\/setrid\\\/wp-content\\\/uploads\\\/2018\\\/02\\\/logo.png\",\"width\":500,\"height\":176,\"caption\":\"Bogfimisetrid Archery Range\"},\"image\":{\"@id\":\"https:\\\/\\\/bogfimisetrid.is\\\/setrid\\\/#\\\/schema\\\/logo\\\/image\\\/\"},\"sameAs\":[\"https:\\\/\\\/www.facebook.com\\\/Bogfimisetrid\\\/?ref=br_rs\"]}]}<\/script>\n<!-- \/ Yoast SEO plugin. -->","yoast_head_json":{"title":"Avalon Classic Target \u00d6rvam\u00e6lir Svartur\/Svartur RH - Bogfimisetri\u00f0","robots":{"index":"index","follow":"follow","max-snippet":"max-snippet:-1","max-image-preview":"max-image-preview:large","max-video-preview":"max-video-preview:-1"},"canonical":"https:\/\/bogfimisetrid.is\/setrid\/product\/avalon-tec-one-target-orvamaelir-svartur-svartur-rh-copy\/","og_locale":"is_IS","og_type":"article","og_title":"Avalon Classic Target \u00d6rvam\u00e6lir Svartur\/Svartur RH - Bogfimisetri\u00f0","og_description":"H\u00e6gt a\u00f0 s\u00e9rpanta \u00ed LH og RH H\u00e6gt er a\u00f0 s\u00e9rpanta a\u00f0ra liti. \u00d6rvam\u00e6lirinn \u00ed lit en eldurinn svartur \u00ed Grey, Blue, Red, Black, Green, Dark Red, Orange, Pink e\u00f0a Purple e\u00f0a Svartann me\u00f0 Eldinn \u00ed Grey, Blue, Red, Black, Green, Dark Red, Orange, Pink e\u00f0a Purple. &nbsp;","og_url":"https:\/\/bogfimisetrid.is\/setrid\/product\/avalon-tec-one-target-orvamaelir-svartur-svartur-rh-copy\/","og_site_name":"Bogfimisetri\u00f0","article_publisher":"https:\/\/www.facebook.com\/Bogfimisetrid\/?ref=br_rs","article_modified_time":"2025-04-11T19:46:47+00:00","og_image":[{"width":895,"height":1024,"url":"https:\/\/bogfimisetrid.is\/setrid\/wp-content\/uploads\/2018\/06\/Avalon-Target.jpg","type":"image\/jpeg"}],"twitter_card":"summary_large_image","twitter_misc":{"Est. reading time":"1 minute"},"schema":{"@context":"https:\/\/schema.org","@graph":[{"@type":"WebPage","@id":"https:\/\/bogfimisetrid.is\/setrid\/product\/avalon-tec-one-target-orvamaelir-svartur-svartur-rh-copy\/","url":"https:\/\/bogfimisetrid.is\/setrid\/product\/avalon-tec-one-target-orvamaelir-svartur-svartur-rh-copy\/","name":"Avalon Classic Target \u00d6rvam\u00e6lir Svartur\/Svartur RH - Bogfimisetri\u00f0","isPartOf":{"@id":"https:\/\/bogfimisetrid.is\/setrid\/#website"},"primaryImageOfPage":{"@id":"https:\/\/bogfimisetrid.is\/setrid\/product\/avalon-tec-one-target-orvamaelir-svartur-svartur-rh-copy\/#primaryimage"},"image":{"@id":"https:\/\/bogfimisetrid.is\/setrid\/product\/avalon-tec-one-target-orvamaelir-svartur-svartur-rh-copy\/#primaryimage"},"thumbnailUrl":"https:\/\/bogfimisetrid.is\/setrid\/wp-content\/uploads\/2018\/06\/Avalon-Target.jpg","datePublished":"2018-06-11T02:21:06+00:00","dateModified":"2025-04-11T19:46:47+00:00","breadcrumb":{"@id":"https:\/\/bogfimisetrid.is\/setrid\/product\/avalon-tec-one-target-orvamaelir-svartur-svartur-rh-copy\/#breadcrumb"},"inLanguage":"is","potentialAction":[{"@type":"ReadAction","target":["https:\/\/bogfimisetrid.is\/setrid\/product\/avalon-tec-one-target-orvamaelir-svartur-svartur-rh-copy\/"]}]},{"@type":"ImageObject","inLanguage":"is","@id":"https:\/\/bogfimisetrid.is\/setrid\/product\/avalon-tec-one-target-orvamaelir-svartur-svartur-rh-copy\/#primaryimage","url":"https:\/\/bogfimisetrid.is\/setrid\/wp-content\/uploads\/2018\/06\/Avalon-Target.jpg","contentUrl":"https:\/\/bogfimisetrid.is\/setrid\/wp-content\/uploads\/2018\/06\/Avalon-Target.jpg","width":895,"height":1024},{"@type":"BreadcrumbList","@id":"https:\/\/bogfimisetrid.is\/setrid\/product\/avalon-tec-one-target-orvamaelir-svartur-svartur-rh-copy\/#breadcrumb","itemListElement":[{"@type":"ListItem","position":1,"name":"Home","item":"https:\/\/bogfimisetrid.is\/setrid\/"},{"@type":"ListItem","position":2,"name":"Shop","item":"https:\/\/bogfimisetrid.is\/setrid\/shop\/"},{"@type":"ListItem","position":3,"name":"Avalon Classic Target \u00d6rvam\u00e6lir Svartur\/Svartur RH"}]},{"@type":"WebSite","@id":"https:\/\/bogfimisetrid.is\/setrid\/#website","url":"https:\/\/bogfimisetrid.is\/setrid\/","name":"Bogfimisetri\u00f0","description":"Fyrir alla fj\u00f6lskylduna","publisher":{"@id":"https:\/\/bogfimisetrid.is\/setrid\/#organization"},"potentialAction":[{"@type":"SearchAction","target":{"@type":"EntryPoint","urlTemplate":"https:\/\/bogfimisetrid.is\/setrid\/?s={search_term_string}"},"query-input":{"@type":"PropertyValueSpecification","valueRequired":true,"valueName":"search_term_string"}}],"inLanguage":"is"},{"@type":"Organization","@id":"https:\/\/bogfimisetrid.is\/setrid\/#organization","name":"Bogfimisetrid Archery Range","url":"https:\/\/bogfimisetrid.is\/setrid\/","logo":{"@type":"ImageObject","inLanguage":"is","@id":"https:\/\/bogfimisetrid.is\/setrid\/#\/schema\/logo\/image\/","url":"https:\/\/bogfimisetrid.is\/setrid\/wp-content\/uploads\/2018\/02\/logo.png","contentUrl":"https:\/\/bogfimisetrid.is\/setrid\/wp-content\/uploads\/2018\/02\/logo.png","width":500,"height":176,"caption":"Bogfimisetrid Archery Range"},"image":{"@id":"https:\/\/bogfimisetrid.is\/setrid\/#\/schema\/logo\/image\/"},"sameAs":["https:\/\/www.facebook.com\/Bogfimisetrid\/?ref=br_rs"]}]}},"jetpack_publicize_connections":[],"jetpack_sharing_enabled":true,"_links":{"self":[{"href":"https:\/\/bogfimisetrid.is\/setrid\/wp-json\/wp\/v2\/product\/512","targetHints":{"allow":["GET"]}}],"collection":[{"href":"https:\/\/bogfimisetrid.is\/setrid\/wp-json\/wp\/v2\/product"}],"about":[{"href":"https:\/\/bogfimisetrid.is\/setrid\/wp-json\/wp\/v2\/types\/product"}],"wp:featuredmedia":[{"embeddable":true,"href":"https:\/\/bogfimisetrid.is\/setrid\/wp-json\/wp\/v2\/media\/3524"}],"wp:attachment":[{"href":"https:\/\/bogfimisetrid.is\/setrid\/wp-json\/wp\/v2\/media?parent=512"}],"wp:term":[{"taxonomy":"product_brand","embeddable":true,"href":"https:\/\/bogfimisetrid.is\/setrid\/wp-json\/wp\/v2\/product_brand?post=512"},{"taxonomy":"product_cat","embeddable":true,"href":"https:\/\/bogfimisetrid.is\/setrid\/wp-json\/wp\/v2\/product_cat?post=512"},{"taxonomy":"product_tag","embeddable":true,"href":"https:\/\/bogfimisetrid.is\/setrid\/wp-json\/wp\/v2\/product_tag?post=512"}],"curies":[{"name":"wp","href":"https:\/\/api.w.org\/{rel}","templated":true}]}}