{"id":335,"date":"2018-02-08T15:11:43","date_gmt":"2018-02-08T15:11:43","guid":{"rendered":"http:\/\/bogfimisetrid.is\/setrid\/?post_type=product&#038;p=335"},"modified":"2023-01-23T20:08:44","modified_gmt":"2023-01-23T20:08:44","slug":"cartel-sight-focus-junior","status":"publish","type":"product","link":"https:\/\/bogfimisetrid.is\/setrid\/product\/cartel-sight-focus-junior\/","title":{"rendered":"Cartel Sight Focus Junior Bogami\u00f0 RH\/LH"},"content":{"rendered":"<p>H\u00e6gt a\u00f0 nota \u00e1 sveigboga og trissuboga sem \u00f3d\u00fdr byrjenda valm\u00f6guleiki.<br \/>\nEkki er h\u00e6gt a\u00f0 nota trissuboga scope \u00e1 \u00feetta sigti.<br \/>\nTrissuboga scope eru me\u00f0 10\/32 gengjur \u00e1 pinnanum, sveigbogar eru me\u00f0 8\/32 gengjur \u00e1 pinnanum.<\/p>\n","protected":false},"excerpt":{"rendered":"<p>H\u00e6gt a\u00f0 nota \u00e1 sveigboga og trissuboga sem \u00f3d\u00fdr byrjenda valm\u00f6guleiki. Ekki er h\u00e6gt a\u00f0 nota trissuboga scope \u00e1 \u00feetta sigti. Trissuboga scope eru me\u00f0 10\/32 gengjur \u00e1 pinnanum, sveigbogar eru me\u00f0 8\/32 gengjur \u00e1 pinnanum.<\/p>\n","protected":false},"featured_media":336,"template":"","meta":{"jetpack_post_was_ever_published":false,"jetpack_publicize_message":"","jetpack_publicize_feature_enabled":true,"jetpack_social_post_already_shared":false,"jetpack_social_options":{"image_generator_settings":{"template":"highway","default_image_id":0,"font":"","enabled":false},"version":2}},"product_brand":[],"product_cat":[16,27,48],"product_tag":[],"class_list":{"0":"post-335","1":"product","2":"type-product","3":"status-publish","4":"has-post-thumbnail","6":"product_cat-boga-aukahlutir","7":"product_cat-scope-og-sigtispinnar","8":"product_cat-trissuboga-scope","10":"first","11":"instock","12":"taxable","13":"shipping-taxable","14":"purchasable","15":"product-type-simple"},"yoast_head":"<!-- This site is optimized with the Yoast SEO plugin v27.4 - https:\/\/yoast.com\/product\/yoast-seo-wordpress\/ -->\n<title>Cartel Sight Focus Junior Bogami\u00f0 RH\/LH - Bogfimisetri\u00f0<\/title>\n<meta name=\"robots\" content=\"index, follow, max-snippet:-1, max-image-preview:large, max-video-preview:-1\" \/>\n<link rel=\"canonical\" href=\"https:\/\/bogfimisetrid.is\/setrid\/product\/cartel-sight-focus-junior\/\" \/>\n<meta property=\"og:locale\" content=\"is_IS\" \/>\n<meta property=\"og:type\" content=\"article\" \/>\n<meta property=\"og:title\" content=\"Cartel Sight Focus Junior Bogami\u00f0 RH\/LH - Bogfimisetri\u00f0\" \/>\n<meta property=\"og:description\" content=\"H\u00e6gt a\u00f0 nota \u00e1 sveigboga og trissuboga sem \u00f3d\u00fdr byrjenda valm\u00f6guleiki. Ekki er h\u00e6gt a\u00f0 nota trissuboga scope \u00e1 \u00feetta sigti. Trissuboga scope eru me\u00f0 10\/32 gengjur \u00e1 pinnanum, sveigbogar eru me\u00f0 8\/32 gengjur \u00e1 pinnanum.\" \/>\n<meta property=\"og:url\" content=\"https:\/\/bogfimisetrid.is\/setrid\/product\/cartel-sight-focus-junior\/\" \/>\n<meta property=\"og:site_name\" content=\"Bogfimisetri\u00f0\" \/>\n<meta property=\"article:publisher\" content=\"https:\/\/www.facebook.com\/Bogfimisetrid\/?ref=br_rs\" \/>\n<meta property=\"article:modified_time\" content=\"2023-01-23T20:08:44+00:00\" \/>\n<meta property=\"og:image\" content=\"https:\/\/bogfimisetrid.is\/setrid\/wp-content\/uploads\/2018\/02\/cartel-113712-1.jpg\" \/>\n\t<meta property=\"og:image:width\" content=\"700\" \/>\n\t<meta property=\"og:image:height\" content=\"600\" \/>\n\t<meta property=\"og:image:type\" content=\"image\/jpeg\" \/>\n<meta name=\"twitter:card\" content=\"summary_large_image\" \/>\n<script type=\"application\/ld+json\" class=\"yoast-schema-graph\">{\"@context\":\"https:\\\/\\\/schema.org\",\"@graph\":[{\"@type\":\"WebPage\",\"@id\":\"https:\\\/\\\/bogfimisetrid.is\\\/setrid\\\/product\\\/cartel-sight-focus-junior\\\/\",\"url\":\"https:\\\/\\\/bogfimisetrid.is\\\/setrid\\\/product\\\/cartel-sight-focus-junior\\\/\",\"name\":\"Cartel Sight Focus Junior Bogami\u00f0 RH\\\/LH - Bogfimisetri\u00f0\",\"isPartOf\":{\"@id\":\"https:\\\/\\\/bogfimisetrid.is\\\/setrid\\\/#website\"},\"primaryImageOfPage\":{\"@id\":\"https:\\\/\\\/bogfimisetrid.is\\\/setrid\\\/product\\\/cartel-sight-focus-junior\\\/#primaryimage\"},\"image\":{\"@id\":\"https:\\\/\\\/bogfimisetrid.is\\\/setrid\\\/product\\\/cartel-sight-focus-junior\\\/#primaryimage\"},\"thumbnailUrl\":\"https:\\\/\\\/bogfimisetrid.is\\\/setrid\\\/wp-content\\\/uploads\\\/2018\\\/02\\\/cartel-113712-1.jpg\",\"datePublished\":\"2018-02-08T15:11:43+00:00\",\"dateModified\":\"2023-01-23T20:08:44+00:00\",\"breadcrumb\":{\"@id\":\"https:\\\/\\\/bogfimisetrid.is\\\/setrid\\\/product\\\/cartel-sight-focus-junior\\\/#breadcrumb\"},\"inLanguage\":\"is\",\"potentialAction\":[{\"@type\":\"ReadAction\",\"target\":[\"https:\\\/\\\/bogfimisetrid.is\\\/setrid\\\/product\\\/cartel-sight-focus-junior\\\/\"]}]},{\"@type\":\"ImageObject\",\"inLanguage\":\"is\",\"@id\":\"https:\\\/\\\/bogfimisetrid.is\\\/setrid\\\/product\\\/cartel-sight-focus-junior\\\/#primaryimage\",\"url\":\"https:\\\/\\\/bogfimisetrid.is\\\/setrid\\\/wp-content\\\/uploads\\\/2018\\\/02\\\/cartel-113712-1.jpg\",\"contentUrl\":\"https:\\\/\\\/bogfimisetrid.is\\\/setrid\\\/wp-content\\\/uploads\\\/2018\\\/02\\\/cartel-113712-1.jpg\",\"width\":700,\"height\":600},{\"@type\":\"BreadcrumbList\",\"@id\":\"https:\\\/\\\/bogfimisetrid.is\\\/setrid\\\/product\\\/cartel-sight-focus-junior\\\/#breadcrumb\",\"itemListElement\":[{\"@type\":\"ListItem\",\"position\":1,\"name\":\"Home\",\"item\":\"https:\\\/\\\/bogfimisetrid.is\\\/setrid\\\/\"},{\"@type\":\"ListItem\",\"position\":2,\"name\":\"Shop\",\"item\":\"https:\\\/\\\/bogfimisetrid.is\\\/setrid\\\/shop\\\/\"},{\"@type\":\"ListItem\",\"position\":3,\"name\":\"Cartel Sight Focus Junior Bogami\u00f0 RH\\\/LH\"}]},{\"@type\":\"WebSite\",\"@id\":\"https:\\\/\\\/bogfimisetrid.is\\\/setrid\\\/#website\",\"url\":\"https:\\\/\\\/bogfimisetrid.is\\\/setrid\\\/\",\"name\":\"Bogfimisetri\u00f0\",\"description\":\"Fyrir alla fj\u00f6lskylduna\",\"publisher\":{\"@id\":\"https:\\\/\\\/bogfimisetrid.is\\\/setrid\\\/#organization\"},\"potentialAction\":[{\"@type\":\"SearchAction\",\"target\":{\"@type\":\"EntryPoint\",\"urlTemplate\":\"https:\\\/\\\/bogfimisetrid.is\\\/setrid\\\/?s={search_term_string}\"},\"query-input\":{\"@type\":\"PropertyValueSpecification\",\"valueRequired\":true,\"valueName\":\"search_term_string\"}}],\"inLanguage\":\"is\"},{\"@type\":\"Organization\",\"@id\":\"https:\\\/\\\/bogfimisetrid.is\\\/setrid\\\/#organization\",\"name\":\"Bogfimisetrid Archery Range\",\"url\":\"https:\\\/\\\/bogfimisetrid.is\\\/setrid\\\/\",\"logo\":{\"@type\":\"ImageObject\",\"inLanguage\":\"is\",\"@id\":\"https:\\\/\\\/bogfimisetrid.is\\\/setrid\\\/#\\\/schema\\\/logo\\\/image\\\/\",\"url\":\"https:\\\/\\\/bogfimisetrid.is\\\/setrid\\\/wp-content\\\/uploads\\\/2018\\\/02\\\/logo.png\",\"contentUrl\":\"https:\\\/\\\/bogfimisetrid.is\\\/setrid\\\/wp-content\\\/uploads\\\/2018\\\/02\\\/logo.png\",\"width\":500,\"height\":176,\"caption\":\"Bogfimisetrid Archery Range\"},\"image\":{\"@id\":\"https:\\\/\\\/bogfimisetrid.is\\\/setrid\\\/#\\\/schema\\\/logo\\\/image\\\/\"},\"sameAs\":[\"https:\\\/\\\/www.facebook.com\\\/Bogfimisetrid\\\/?ref=br_rs\"]}]}<\/script>\n<!-- \/ Yoast SEO plugin. -->","yoast_head_json":{"title":"Cartel Sight Focus Junior Bogami\u00f0 RH\/LH - Bogfimisetri\u00f0","robots":{"index":"index","follow":"follow","max-snippet":"max-snippet:-1","max-image-preview":"max-image-preview:large","max-video-preview":"max-video-preview:-1"},"canonical":"https:\/\/bogfimisetrid.is\/setrid\/product\/cartel-sight-focus-junior\/","og_locale":"is_IS","og_type":"article","og_title":"Cartel Sight Focus Junior Bogami\u00f0 RH\/LH - Bogfimisetri\u00f0","og_description":"H\u00e6gt a\u00f0 nota \u00e1 sveigboga og trissuboga sem \u00f3d\u00fdr byrjenda valm\u00f6guleiki. Ekki er h\u00e6gt a\u00f0 nota trissuboga scope \u00e1 \u00feetta sigti. Trissuboga scope eru me\u00f0 10\/32 gengjur \u00e1 pinnanum, sveigbogar eru me\u00f0 8\/32 gengjur \u00e1 pinnanum.","og_url":"https:\/\/bogfimisetrid.is\/setrid\/product\/cartel-sight-focus-junior\/","og_site_name":"Bogfimisetri\u00f0","article_publisher":"https:\/\/www.facebook.com\/Bogfimisetrid\/?ref=br_rs","article_modified_time":"2023-01-23T20:08:44+00:00","og_image":[{"width":700,"height":600,"url":"https:\/\/bogfimisetrid.is\/setrid\/wp-content\/uploads\/2018\/02\/cartel-113712-1.jpg","type":"image\/jpeg"}],"twitter_card":"summary_large_image","schema":{"@context":"https:\/\/schema.org","@graph":[{"@type":"WebPage","@id":"https:\/\/bogfimisetrid.is\/setrid\/product\/cartel-sight-focus-junior\/","url":"https:\/\/bogfimisetrid.is\/setrid\/product\/cartel-sight-focus-junior\/","name":"Cartel Sight Focus Junior Bogami\u00f0 RH\/LH - Bogfimisetri\u00f0","isPartOf":{"@id":"https:\/\/bogfimisetrid.is\/setrid\/#website"},"primaryImageOfPage":{"@id":"https:\/\/bogfimisetrid.is\/setrid\/product\/cartel-sight-focus-junior\/#primaryimage"},"image":{"@id":"https:\/\/bogfimisetrid.is\/setrid\/product\/cartel-sight-focus-junior\/#primaryimage"},"thumbnailUrl":"https:\/\/bogfimisetrid.is\/setrid\/wp-content\/uploads\/2018\/02\/cartel-113712-1.jpg","datePublished":"2018-02-08T15:11:43+00:00","dateModified":"2023-01-23T20:08:44+00:00","breadcrumb":{"@id":"https:\/\/bogfimisetrid.is\/setrid\/product\/cartel-sight-focus-junior\/#breadcrumb"},"inLanguage":"is","potentialAction":[{"@type":"ReadAction","target":["https:\/\/bogfimisetrid.is\/setrid\/product\/cartel-sight-focus-junior\/"]}]},{"@type":"ImageObject","inLanguage":"is","@id":"https:\/\/bogfimisetrid.is\/setrid\/product\/cartel-sight-focus-junior\/#primaryimage","url":"https:\/\/bogfimisetrid.is\/setrid\/wp-content\/uploads\/2018\/02\/cartel-113712-1.jpg","contentUrl":"https:\/\/bogfimisetrid.is\/setrid\/wp-content\/uploads\/2018\/02\/cartel-113712-1.jpg","width":700,"height":600},{"@type":"BreadcrumbList","@id":"https:\/\/bogfimisetrid.is\/setrid\/product\/cartel-sight-focus-junior\/#breadcrumb","itemListElement":[{"@type":"ListItem","position":1,"name":"Home","item":"https:\/\/bogfimisetrid.is\/setrid\/"},{"@type":"ListItem","position":2,"name":"Shop","item":"https:\/\/bogfimisetrid.is\/setrid\/shop\/"},{"@type":"ListItem","position":3,"name":"Cartel Sight Focus Junior Bogami\u00f0 RH\/LH"}]},{"@type":"WebSite","@id":"https:\/\/bogfimisetrid.is\/setrid\/#website","url":"https:\/\/bogfimisetrid.is\/setrid\/","name":"Bogfimisetri\u00f0","description":"Fyrir alla fj\u00f6lskylduna","publisher":{"@id":"https:\/\/bogfimisetrid.is\/setrid\/#organization"},"potentialAction":[{"@type":"SearchAction","target":{"@type":"EntryPoint","urlTemplate":"https:\/\/bogfimisetrid.is\/setrid\/?s={search_term_string}"},"query-input":{"@type":"PropertyValueSpecification","valueRequired":true,"valueName":"search_term_string"}}],"inLanguage":"is"},{"@type":"Organization","@id":"https:\/\/bogfimisetrid.is\/setrid\/#organization","name":"Bogfimisetrid Archery Range","url":"https:\/\/bogfimisetrid.is\/setrid\/","logo":{"@type":"ImageObject","inLanguage":"is","@id":"https:\/\/bogfimisetrid.is\/setrid\/#\/schema\/logo\/image\/","url":"https:\/\/bogfimisetrid.is\/setrid\/wp-content\/uploads\/2018\/02\/logo.png","contentUrl":"https:\/\/bogfimisetrid.is\/setrid\/wp-content\/uploads\/2018\/02\/logo.png","width":500,"height":176,"caption":"Bogfimisetrid Archery Range"},"image":{"@id":"https:\/\/bogfimisetrid.is\/setrid\/#\/schema\/logo\/image\/"},"sameAs":["https:\/\/www.facebook.com\/Bogfimisetrid\/?ref=br_rs"]}]}},"jetpack_publicize_connections":[],"jetpack_sharing_enabled":true,"_links":{"self":[{"href":"https:\/\/bogfimisetrid.is\/setrid\/wp-json\/wp\/v2\/product\/335","targetHints":{"allow":["GET"]}}],"collection":[{"href":"https:\/\/bogfimisetrid.is\/setrid\/wp-json\/wp\/v2\/product"}],"about":[{"href":"https:\/\/bogfimisetrid.is\/setrid\/wp-json\/wp\/v2\/types\/product"}],"wp:featuredmedia":[{"embeddable":true,"href":"https:\/\/bogfimisetrid.is\/setrid\/wp-json\/wp\/v2\/media\/336"}],"wp:attachment":[{"href":"https:\/\/bogfimisetrid.is\/setrid\/wp-json\/wp\/v2\/media?parent=335"}],"wp:term":[{"taxonomy":"product_brand","embeddable":true,"href":"https:\/\/bogfimisetrid.is\/setrid\/wp-json\/wp\/v2\/product_brand?post=335"},{"taxonomy":"product_cat","embeddable":true,"href":"https:\/\/bogfimisetrid.is\/setrid\/wp-json\/wp\/v2\/product_cat?post=335"},{"taxonomy":"product_tag","embeddable":true,"href":"https:\/\/bogfimisetrid.is\/setrid\/wp-json\/wp\/v2\/product_tag?post=335"}],"curies":[{"name":"wp","href":"https:\/\/api.w.org\/{rel}","templated":true}]}}