{"id":3197,"date":"2023-09-16T19:35:12","date_gmt":"2023-09-16T19:35:12","guid":{"rendered":"https:\/\/bogfimisetrid.is\/setrid\/?post_type=product&#038;p=3197"},"modified":"2025-03-31T17:05:25","modified_gmt":"2025-03-31T17:05:25","slug":"hoyt-bogmidja-grand-prix-ilf-gmx3-series-27-2024","status":"publish","type":"product","link":"https:\/\/bogfimisetrid.is\/setrid\/product\/hoyt-bogmidja-grand-prix-ilf-gmx3-series-27-2024\/","title":{"rendered":"HOYT BOGMI\u00d0JA GRAND PRIX (ILF) GMX3-SERIES 27&#8243; 2024"},"content":{"rendered":"<p><strong>Panta\u00f0u bogmi\u00f0juna sem \u00fe\u00fa vilt. S\u00f6luma\u00f0ur hefur svo samband vi\u00f0 \u00feig um val \u00e1 lit\u00a0\u00a0<img decoding=\"async\" class=\"emoji\" draggable=\"false\" src=\"https:\/\/s.w.org\/images\/core\/emoji\/12.0.0-1\/svg\/1f642.svg\" alt=\"\ud83d\ude42\" \/><\/strong><\/p>\n<p><strong>H\u00e6gt a\u00f0 panta \u00ed:<\/strong><br \/>\n<strong>RH<\/strong>\u00a0e\u00f0a\u00a0<strong>LH<\/strong><\/p>\n<p><strong>Litir:<\/strong><br \/>\nBlack Ink (Svart) &#8211; InfraRed (Rautt) &#8211; Cosmo Blue (Bl\u00e1tt) &#8211; Stardust Purple (Fj\u00f3lubl\u00e1tt) &#8211; Solar Orange (Appels\u00ednugult) &#8211; Slate (Gr\u00e1tt)<\/p>\n<p><a href=\"https:\/\/bogfimisetrid.is\/setrid\/wp-content\/uploads\/2023\/09\/Hoyt-GMX-Infrared.png\"><img loading=\"lazy\" decoding=\"async\" class=\"wp-image-3195 alignleft\" src=\"https:\/\/bogfimisetrid.is\/setrid\/wp-content\/uploads\/2023\/09\/Hoyt-GMX-Infrared-205x1024.png\" alt=\"\" width=\"66\" height=\"330\" srcset=\"https:\/\/bogfimisetrid.is\/setrid\/wp-content\/uploads\/2023\/09\/Hoyt-GMX-Infrared-205x1024.png 205w, https:\/\/bogfimisetrid.is\/setrid\/wp-content\/uploads\/2023\/09\/Hoyt-GMX-Infrared-416x2080.png 416w, https:\/\/bogfimisetrid.is\/setrid\/wp-content\/uploads\/2023\/09\/Hoyt-GMX-Infrared-60x300.png 60w, https:\/\/bogfimisetrid.is\/setrid\/wp-content\/uploads\/2023\/09\/Hoyt-GMX-Infrared-307x1536.png 307w, https:\/\/bogfimisetrid.is\/setrid\/wp-content\/uploads\/2023\/09\/Hoyt-GMX-Infrared-410x2048.png 410w, https:\/\/bogfimisetrid.is\/setrid\/wp-content\/uploads\/2023\/09\/Hoyt-GMX-Infrared.png 480w\" sizes=\"auto, (max-width: 66px) 100vw, 66px\" \/><\/a><\/p>\n<p><a href=\"https:\/\/bogfimisetrid.is\/setrid\/wp-content\/uploads\/2023\/09\/Hoyt-GMX-Cosmo-blue.png\"><img loading=\"lazy\" decoding=\"async\" class=\"wp-image-3192 alignleft\" src=\"https:\/\/bogfimisetrid.is\/setrid\/wp-content\/uploads\/2023\/09\/Hoyt-GMX-Cosmo-blue-201x1024.png\" alt=\"\" width=\"65\" height=\"331\" srcset=\"https:\/\/bogfimisetrid.is\/setrid\/wp-content\/uploads\/2023\/09\/Hoyt-GMX-Cosmo-blue-201x1024.png 201w, https:\/\/bogfimisetrid.is\/setrid\/wp-content\/uploads\/2023\/09\/Hoyt-GMX-Cosmo-blue-416x2120.png 416w, https:\/\/bogfimisetrid.is\/setrid\/wp-content\/uploads\/2023\/09\/Hoyt-GMX-Cosmo-blue-59x300.png 59w, https:\/\/bogfimisetrid.is\/setrid\/wp-content\/uploads\/2023\/09\/Hoyt-GMX-Cosmo-blue-301x1536.png 301w, https:\/\/bogfimisetrid.is\/setrid\/wp-content\/uploads\/2023\/09\/Hoyt-GMX-Cosmo-blue-402x2048.png 402w, https:\/\/bogfimisetrid.is\/setrid\/wp-content\/uploads\/2023\/09\/Hoyt-GMX-Cosmo-blue.png 471w\" sizes=\"auto, (max-width: 65px) 100vw, 65px\" \/><\/a><\/p>\n<p><a href=\"https:\/\/bogfimisetrid.is\/setrid\/wp-content\/uploads\/2023\/09\/Hoyt-GMX-Stardust-Purple.png\"><img loading=\"lazy\" decoding=\"async\" class=\"wp-image-3194 alignleft\" src=\"https:\/\/bogfimisetrid.is\/setrid\/wp-content\/uploads\/2023\/09\/Hoyt-GMX-Stardust-Purple-201x1024.png\" alt=\"\" width=\"65\" height=\"332\" srcset=\"https:\/\/bogfimisetrid.is\/setrid\/wp-content\/uploads\/2023\/09\/Hoyt-GMX-Stardust-Purple-201x1024.png 201w, https:\/\/bogfimisetrid.is\/setrid\/wp-content\/uploads\/2023\/09\/Hoyt-GMX-Stardust-Purple-416x2120.png 416w, https:\/\/bogfimisetrid.is\/setrid\/wp-content\/uploads\/2023\/09\/Hoyt-GMX-Stardust-Purple-59x300.png 59w, https:\/\/bogfimisetrid.is\/setrid\/wp-content\/uploads\/2023\/09\/Hoyt-GMX-Stardust-Purple-301x1536.png 301w, https:\/\/bogfimisetrid.is\/setrid\/wp-content\/uploads\/2023\/09\/Hoyt-GMX-Stardust-Purple-402x2048.png 402w, https:\/\/bogfimisetrid.is\/setrid\/wp-content\/uploads\/2023\/09\/Hoyt-GMX-Stardust-Purple.png 471w\" sizes=\"auto, (max-width: 65px) 100vw, 65px\" \/><\/a><\/p>\n<p><a href=\"https:\/\/bogfimisetrid.is\/setrid\/wp-content\/uploads\/2023\/09\/Hoyt-GMX-Solar-Orange.png\"><img loading=\"lazy\" decoding=\"async\" class=\"wp-image-3193 alignleft\" src=\"https:\/\/bogfimisetrid.is\/setrid\/wp-content\/uploads\/2023\/09\/Hoyt-GMX-Solar-Orange-202x1024.png\" alt=\"\" width=\"65\" height=\"330\" srcset=\"https:\/\/bogfimisetrid.is\/setrid\/wp-content\/uploads\/2023\/09\/Hoyt-GMX-Solar-Orange-202x1024.png 202w, https:\/\/bogfimisetrid.is\/setrid\/wp-content\/uploads\/2023\/09\/Hoyt-GMX-Solar-Orange-416x2111.png 416w, https:\/\/bogfimisetrid.is\/setrid\/wp-content\/uploads\/2023\/09\/Hoyt-GMX-Solar-Orange-59x300.png 59w, https:\/\/bogfimisetrid.is\/setrid\/wp-content\/uploads\/2023\/09\/Hoyt-GMX-Solar-Orange-303x1536.png 303w, https:\/\/bogfimisetrid.is\/setrid\/wp-content\/uploads\/2023\/09\/Hoyt-GMX-Solar-Orange-404x2048.png 404w, https:\/\/bogfimisetrid.is\/setrid\/wp-content\/uploads\/2023\/09\/Hoyt-GMX-Solar-Orange.png 473w\" sizes=\"auto, (max-width: 65px) 100vw, 65px\" \/><\/a><a href=\"https:\/\/bogfimisetrid.is\/setrid\/wp-content\/uploads\/2023\/09\/Hoyt-GMX-Slate.png\"><img loading=\"lazy\" decoding=\"async\" class=\"wp-image-3196 alignnone\" src=\"https:\/\/bogfimisetrid.is\/setrid\/wp-content\/uploads\/2023\/09\/Hoyt-GMX-Slate-202x1024.png\" alt=\"\" width=\"61\" height=\"310\" srcset=\"https:\/\/bogfimisetrid.is\/setrid\/wp-content\/uploads\/2023\/09\/Hoyt-GMX-Slate-202x1024.png 202w, https:\/\/bogfimisetrid.is\/setrid\/wp-content\/uploads\/2023\/09\/Hoyt-GMX-Slate-416x2106.png 416w, https:\/\/bogfimisetrid.is\/setrid\/wp-content\/uploads\/2023\/09\/Hoyt-GMX-Slate-59x300.png 59w, https:\/\/bogfimisetrid.is\/setrid\/wp-content\/uploads\/2023\/09\/Hoyt-GMX-Slate-303x1536.png 303w, https:\/\/bogfimisetrid.is\/setrid\/wp-content\/uploads\/2023\/09\/Hoyt-GMX-Slate-404x2048.png 404w, https:\/\/bogfimisetrid.is\/setrid\/wp-content\/uploads\/2023\/09\/Hoyt-GMX-Slate.png 474w\" sizes=\"auto, (max-width: 61px) 100vw, 61px\" \/><\/a><\/p>\n<p>&nbsp;<\/p>\n","protected":false},"excerpt":{"rendered":"<p>Panta\u00f0u bogmi\u00f0juna sem \u00fe\u00fa vilt. S\u00f6luma\u00f0ur hefur svo samband vi\u00f0 \u00feig um val \u00e1 lit\u00a0\u00a0 H\u00e6gt a\u00f0 panta \u00ed: RH\u00a0e\u00f0a\u00a0LH Litir: Black Ink (Svart) &#8211; InfraRed (Rautt) &#8211; Cosmo Blue (Bl\u00e1tt) &#8211; Stardust Purple (Fj\u00f3lubl\u00e1tt) &#8211; Solar Orange (Appels\u00ednugult) &#8211; Slate (Gr\u00e1tt) &nbsp;<\/p>\n","protected":false},"featured_media":3198,"template":"","meta":{"jetpack_post_was_ever_published":false,"jetpack_publicize_message":"","jetpack_publicize_feature_enabled":true,"jetpack_social_post_already_shared":true,"jetpack_social_options":{"image_generator_settings":{"template":"highway","default_image_id":0,"font":"","enabled":false},"version":2}},"product_brand":[],"product_cat":[20,59,83,24],"product_tag":[],"class_list":{"0":"post-3197","1":"product","2":"type-product","3":"status-publish","4":"has-post-thumbnail","6":"product_cat-bogar","7":"product_cat-bogmidjur","8":"product_cat-hoyt","9":"product_cat-sveigbogar","11":"first","12":"instock","13":"taxable","14":"shipping-taxable","15":"purchasable","16":"product-type-simple"},"yoast_head":"<!-- This site is optimized with the Yoast SEO plugin v27.4 - https:\/\/yoast.com\/product\/yoast-seo-wordpress\/ -->\n<title>HOYT BOGMI\u00d0JA GRAND PRIX (ILF) GMX3-SERIES 27&quot; 2024 - Bogfimisetri\u00f0<\/title>\n<meta name=\"robots\" content=\"index, follow, max-snippet:-1, max-image-preview:large, max-video-preview:-1\" \/>\n<link rel=\"canonical\" href=\"https:\/\/bogfimisetrid.is\/setrid\/product\/hoyt-bogmidja-grand-prix-ilf-gmx3-series-27-2024\/\" \/>\n<meta property=\"og:locale\" content=\"is_IS\" \/>\n<meta property=\"og:type\" content=\"article\" \/>\n<meta property=\"og:title\" content=\"HOYT BOGMI\u00d0JA GRAND PRIX (ILF) GMX3-SERIES 27&quot; 2024 - Bogfimisetri\u00f0\" \/>\n<meta property=\"og:description\" content=\"Panta\u00f0u bogmi\u00f0juna sem \u00fe\u00fa vilt. S\u00f6luma\u00f0ur hefur svo samband vi\u00f0 \u00feig um val \u00e1 lit\u00a0\u00a0 H\u00e6gt a\u00f0 panta \u00ed: RH\u00a0e\u00f0a\u00a0LH Litir: Black Ink (Svart) &#8211; InfraRed (Rautt) &#8211; Cosmo Blue (Bl\u00e1tt) &#8211; Stardust Purple (Fj\u00f3lubl\u00e1tt) &#8211; Solar Orange (Appels\u00ednugult) &#8211; Slate (Gr\u00e1tt) &nbsp;\" \/>\n<meta property=\"og:url\" content=\"https:\/\/bogfimisetrid.is\/setrid\/product\/hoyt-bogmidja-grand-prix-ilf-gmx3-series-27-2024\/\" \/>\n<meta property=\"og:site_name\" content=\"Bogfimisetri\u00f0\" \/>\n<meta property=\"article:publisher\" content=\"https:\/\/www.facebook.com\/Bogfimisetrid\/?ref=br_rs\" \/>\n<meta property=\"article:modified_time\" content=\"2025-03-31T17:05:25+00:00\" \/>\n<meta property=\"og:image\" content=\"https:\/\/bogfimisetrid.is\/setrid\/wp-content\/uploads\/2023\/09\/Hoyt-2024-Recurve-GMX.png\" \/>\n\t<meta property=\"og:image:width\" content=\"435\" \/>\n\t<meta property=\"og:image:height\" content=\"2400\" \/>\n\t<meta property=\"og:image:type\" content=\"image\/png\" \/>\n<meta name=\"twitter:card\" content=\"summary_large_image\" \/>\n<meta name=\"twitter:label1\" content=\"Est. reading time\" \/>\n\t<meta name=\"twitter:data1\" content=\"2 minutes\" \/>\n<script type=\"application\/ld+json\" class=\"yoast-schema-graph\">{\"@context\":\"https:\\\/\\\/schema.org\",\"@graph\":[{\"@type\":\"WebPage\",\"@id\":\"https:\\\/\\\/bogfimisetrid.is\\\/setrid\\\/product\\\/hoyt-bogmidja-grand-prix-ilf-gmx3-series-27-2024\\\/\",\"url\":\"https:\\\/\\\/bogfimisetrid.is\\\/setrid\\\/product\\\/hoyt-bogmidja-grand-prix-ilf-gmx3-series-27-2024\\\/\",\"name\":\"HOYT BOGMI\u00d0JA GRAND PRIX (ILF) GMX3-SERIES 27\\\" 2024 - Bogfimisetri\u00f0\",\"isPartOf\":{\"@id\":\"https:\\\/\\\/bogfimisetrid.is\\\/setrid\\\/#website\"},\"primaryImageOfPage\":{\"@id\":\"https:\\\/\\\/bogfimisetrid.is\\\/setrid\\\/product\\\/hoyt-bogmidja-grand-prix-ilf-gmx3-series-27-2024\\\/#primaryimage\"},\"image\":{\"@id\":\"https:\\\/\\\/bogfimisetrid.is\\\/setrid\\\/product\\\/hoyt-bogmidja-grand-prix-ilf-gmx3-series-27-2024\\\/#primaryimage\"},\"thumbnailUrl\":\"https:\\\/\\\/bogfimisetrid.is\\\/setrid\\\/wp-content\\\/uploads\\\/2023\\\/09\\\/Hoyt-2024-Recurve-GMX.png\",\"datePublished\":\"2023-09-16T19:35:12+00:00\",\"dateModified\":\"2025-03-31T17:05:25+00:00\",\"breadcrumb\":{\"@id\":\"https:\\\/\\\/bogfimisetrid.is\\\/setrid\\\/product\\\/hoyt-bogmidja-grand-prix-ilf-gmx3-series-27-2024\\\/#breadcrumb\"},\"inLanguage\":\"is\",\"potentialAction\":[{\"@type\":\"ReadAction\",\"target\":[\"https:\\\/\\\/bogfimisetrid.is\\\/setrid\\\/product\\\/hoyt-bogmidja-grand-prix-ilf-gmx3-series-27-2024\\\/\"]}]},{\"@type\":\"ImageObject\",\"inLanguage\":\"is\",\"@id\":\"https:\\\/\\\/bogfimisetrid.is\\\/setrid\\\/product\\\/hoyt-bogmidja-grand-prix-ilf-gmx3-series-27-2024\\\/#primaryimage\",\"url\":\"https:\\\/\\\/bogfimisetrid.is\\\/setrid\\\/wp-content\\\/uploads\\\/2023\\\/09\\\/Hoyt-2024-Recurve-GMX.png\",\"contentUrl\":\"https:\\\/\\\/bogfimisetrid.is\\\/setrid\\\/wp-content\\\/uploads\\\/2023\\\/09\\\/Hoyt-2024-Recurve-GMX.png\",\"width\":435,\"height\":2400},{\"@type\":\"BreadcrumbList\",\"@id\":\"https:\\\/\\\/bogfimisetrid.is\\\/setrid\\\/product\\\/hoyt-bogmidja-grand-prix-ilf-gmx3-series-27-2024\\\/#breadcrumb\",\"itemListElement\":[{\"@type\":\"ListItem\",\"position\":1,\"name\":\"Home\",\"item\":\"https:\\\/\\\/bogfimisetrid.is\\\/setrid\\\/\"},{\"@type\":\"ListItem\",\"position\":2,\"name\":\"Shop\",\"item\":\"https:\\\/\\\/bogfimisetrid.is\\\/setrid\\\/shop\\\/\"},{\"@type\":\"ListItem\",\"position\":3,\"name\":\"HOYT BOGMI\u00d0JA GRAND PRIX (ILF) GMX3-SERIES 27&#8243; 2024\"}]},{\"@type\":\"WebSite\",\"@id\":\"https:\\\/\\\/bogfimisetrid.is\\\/setrid\\\/#website\",\"url\":\"https:\\\/\\\/bogfimisetrid.is\\\/setrid\\\/\",\"name\":\"Bogfimisetri\u00f0\",\"description\":\"Fyrir alla fj\u00f6lskylduna\",\"publisher\":{\"@id\":\"https:\\\/\\\/bogfimisetrid.is\\\/setrid\\\/#organization\"},\"potentialAction\":[{\"@type\":\"SearchAction\",\"target\":{\"@type\":\"EntryPoint\",\"urlTemplate\":\"https:\\\/\\\/bogfimisetrid.is\\\/setrid\\\/?s={search_term_string}\"},\"query-input\":{\"@type\":\"PropertyValueSpecification\",\"valueRequired\":true,\"valueName\":\"search_term_string\"}}],\"inLanguage\":\"is\"},{\"@type\":\"Organization\",\"@id\":\"https:\\\/\\\/bogfimisetrid.is\\\/setrid\\\/#organization\",\"name\":\"Bogfimisetrid Archery Range\",\"url\":\"https:\\\/\\\/bogfimisetrid.is\\\/setrid\\\/\",\"logo\":{\"@type\":\"ImageObject\",\"inLanguage\":\"is\",\"@id\":\"https:\\\/\\\/bogfimisetrid.is\\\/setrid\\\/#\\\/schema\\\/logo\\\/image\\\/\",\"url\":\"https:\\\/\\\/bogfimisetrid.is\\\/setrid\\\/wp-content\\\/uploads\\\/2018\\\/02\\\/logo.png\",\"contentUrl\":\"https:\\\/\\\/bogfimisetrid.is\\\/setrid\\\/wp-content\\\/uploads\\\/2018\\\/02\\\/logo.png\",\"width\":500,\"height\":176,\"caption\":\"Bogfimisetrid Archery Range\"},\"image\":{\"@id\":\"https:\\\/\\\/bogfimisetrid.is\\\/setrid\\\/#\\\/schema\\\/logo\\\/image\\\/\"},\"sameAs\":[\"https:\\\/\\\/www.facebook.com\\\/Bogfimisetrid\\\/?ref=br_rs\"]}]}<\/script>\n<!-- \/ Yoast SEO plugin. -->","yoast_head_json":{"title":"HOYT BOGMI\u00d0JA GRAND PRIX (ILF) GMX3-SERIES 27\" 2024 - Bogfimisetri\u00f0","robots":{"index":"index","follow":"follow","max-snippet":"max-snippet:-1","max-image-preview":"max-image-preview:large","max-video-preview":"max-video-preview:-1"},"canonical":"https:\/\/bogfimisetrid.is\/setrid\/product\/hoyt-bogmidja-grand-prix-ilf-gmx3-series-27-2024\/","og_locale":"is_IS","og_type":"article","og_title":"HOYT BOGMI\u00d0JA GRAND PRIX (ILF) GMX3-SERIES 27\" 2024 - Bogfimisetri\u00f0","og_description":"Panta\u00f0u bogmi\u00f0juna sem \u00fe\u00fa vilt. S\u00f6luma\u00f0ur hefur svo samband vi\u00f0 \u00feig um val \u00e1 lit\u00a0\u00a0 H\u00e6gt a\u00f0 panta \u00ed: RH\u00a0e\u00f0a\u00a0LH Litir: Black Ink (Svart) &#8211; InfraRed (Rautt) &#8211; Cosmo Blue (Bl\u00e1tt) &#8211; Stardust Purple (Fj\u00f3lubl\u00e1tt) &#8211; Solar Orange (Appels\u00ednugult) &#8211; Slate (Gr\u00e1tt) &nbsp;","og_url":"https:\/\/bogfimisetrid.is\/setrid\/product\/hoyt-bogmidja-grand-prix-ilf-gmx3-series-27-2024\/","og_site_name":"Bogfimisetri\u00f0","article_publisher":"https:\/\/www.facebook.com\/Bogfimisetrid\/?ref=br_rs","article_modified_time":"2025-03-31T17:05:25+00:00","og_image":[{"width":435,"height":2400,"url":"https:\/\/bogfimisetrid.is\/setrid\/wp-content\/uploads\/2023\/09\/Hoyt-2024-Recurve-GMX.png","type":"image\/png"}],"twitter_card":"summary_large_image","twitter_misc":{"Est. reading time":"2 minutes"},"schema":{"@context":"https:\/\/schema.org","@graph":[{"@type":"WebPage","@id":"https:\/\/bogfimisetrid.is\/setrid\/product\/hoyt-bogmidja-grand-prix-ilf-gmx3-series-27-2024\/","url":"https:\/\/bogfimisetrid.is\/setrid\/product\/hoyt-bogmidja-grand-prix-ilf-gmx3-series-27-2024\/","name":"HOYT BOGMI\u00d0JA GRAND PRIX (ILF) GMX3-SERIES 27\" 2024 - Bogfimisetri\u00f0","isPartOf":{"@id":"https:\/\/bogfimisetrid.is\/setrid\/#website"},"primaryImageOfPage":{"@id":"https:\/\/bogfimisetrid.is\/setrid\/product\/hoyt-bogmidja-grand-prix-ilf-gmx3-series-27-2024\/#primaryimage"},"image":{"@id":"https:\/\/bogfimisetrid.is\/setrid\/product\/hoyt-bogmidja-grand-prix-ilf-gmx3-series-27-2024\/#primaryimage"},"thumbnailUrl":"https:\/\/bogfimisetrid.is\/setrid\/wp-content\/uploads\/2023\/09\/Hoyt-2024-Recurve-GMX.png","datePublished":"2023-09-16T19:35:12+00:00","dateModified":"2025-03-31T17:05:25+00:00","breadcrumb":{"@id":"https:\/\/bogfimisetrid.is\/setrid\/product\/hoyt-bogmidja-grand-prix-ilf-gmx3-series-27-2024\/#breadcrumb"},"inLanguage":"is","potentialAction":[{"@type":"ReadAction","target":["https:\/\/bogfimisetrid.is\/setrid\/product\/hoyt-bogmidja-grand-prix-ilf-gmx3-series-27-2024\/"]}]},{"@type":"ImageObject","inLanguage":"is","@id":"https:\/\/bogfimisetrid.is\/setrid\/product\/hoyt-bogmidja-grand-prix-ilf-gmx3-series-27-2024\/#primaryimage","url":"https:\/\/bogfimisetrid.is\/setrid\/wp-content\/uploads\/2023\/09\/Hoyt-2024-Recurve-GMX.png","contentUrl":"https:\/\/bogfimisetrid.is\/setrid\/wp-content\/uploads\/2023\/09\/Hoyt-2024-Recurve-GMX.png","width":435,"height":2400},{"@type":"BreadcrumbList","@id":"https:\/\/bogfimisetrid.is\/setrid\/product\/hoyt-bogmidja-grand-prix-ilf-gmx3-series-27-2024\/#breadcrumb","itemListElement":[{"@type":"ListItem","position":1,"name":"Home","item":"https:\/\/bogfimisetrid.is\/setrid\/"},{"@type":"ListItem","position":2,"name":"Shop","item":"https:\/\/bogfimisetrid.is\/setrid\/shop\/"},{"@type":"ListItem","position":3,"name":"HOYT BOGMI\u00d0JA GRAND PRIX (ILF) GMX3-SERIES 27&#8243; 2024"}]},{"@type":"WebSite","@id":"https:\/\/bogfimisetrid.is\/setrid\/#website","url":"https:\/\/bogfimisetrid.is\/setrid\/","name":"Bogfimisetri\u00f0","description":"Fyrir alla fj\u00f6lskylduna","publisher":{"@id":"https:\/\/bogfimisetrid.is\/setrid\/#organization"},"potentialAction":[{"@type":"SearchAction","target":{"@type":"EntryPoint","urlTemplate":"https:\/\/bogfimisetrid.is\/setrid\/?s={search_term_string}"},"query-input":{"@type":"PropertyValueSpecification","valueRequired":true,"valueName":"search_term_string"}}],"inLanguage":"is"},{"@type":"Organization","@id":"https:\/\/bogfimisetrid.is\/setrid\/#organization","name":"Bogfimisetrid Archery Range","url":"https:\/\/bogfimisetrid.is\/setrid\/","logo":{"@type":"ImageObject","inLanguage":"is","@id":"https:\/\/bogfimisetrid.is\/setrid\/#\/schema\/logo\/image\/","url":"https:\/\/bogfimisetrid.is\/setrid\/wp-content\/uploads\/2018\/02\/logo.png","contentUrl":"https:\/\/bogfimisetrid.is\/setrid\/wp-content\/uploads\/2018\/02\/logo.png","width":500,"height":176,"caption":"Bogfimisetrid Archery Range"},"image":{"@id":"https:\/\/bogfimisetrid.is\/setrid\/#\/schema\/logo\/image\/"},"sameAs":["https:\/\/www.facebook.com\/Bogfimisetrid\/?ref=br_rs"]}]}},"jetpack_publicize_connections":[],"jetpack_sharing_enabled":true,"_links":{"self":[{"href":"https:\/\/bogfimisetrid.is\/setrid\/wp-json\/wp\/v2\/product\/3197","targetHints":{"allow":["GET"]}}],"collection":[{"href":"https:\/\/bogfimisetrid.is\/setrid\/wp-json\/wp\/v2\/product"}],"about":[{"href":"https:\/\/bogfimisetrid.is\/setrid\/wp-json\/wp\/v2\/types\/product"}],"wp:featuredmedia":[{"embeddable":true,"href":"https:\/\/bogfimisetrid.is\/setrid\/wp-json\/wp\/v2\/media\/3198"}],"wp:attachment":[{"href":"https:\/\/bogfimisetrid.is\/setrid\/wp-json\/wp\/v2\/media?parent=3197"}],"wp:term":[{"taxonomy":"product_brand","embeddable":true,"href":"https:\/\/bogfimisetrid.is\/setrid\/wp-json\/wp\/v2\/product_brand?post=3197"},{"taxonomy":"product_cat","embeddable":true,"href":"https:\/\/bogfimisetrid.is\/setrid\/wp-json\/wp\/v2\/product_cat?post=3197"},{"taxonomy":"product_tag","embeddable":true,"href":"https:\/\/bogfimisetrid.is\/setrid\/wp-json\/wp\/v2\/product_tag?post=3197"}],"curies":[{"name":"wp","href":"https:\/\/api.w.org\/{rel}","templated":true}]}}