{"id":2715,"date":"2021-11-16T19:33:18","date_gmt":"2021-11-16T19:33:18","guid":{"rendered":"https:\/\/bogfimisetrid.is\/setrid\/?post_type=product&#038;p=2715"},"modified":"2025-03-31T17:51:39","modified_gmt":"2025-03-31T17:51:39","slug":"kinetic-cnc-scopus-23-bogmidja","status":"publish","type":"product","link":"https:\/\/bogfimisetrid.is\/setrid\/product\/kinetic-cnc-scopus-23-bogmidja\/","title":{"rendered":"KINETIC CNC SCOPUS 23&#8243; BOGMI\u00d0JA RH"},"content":{"rendered":"<p>\u00dea\u00f0 er h\u00e6gt a\u00f0 s\u00e9rpanta bogmi\u00f0juna \u00ed \u00feessum litum:<br \/>\nAnodized blue &#8211; Anodized red &#8211; Anodized green &#8211; Anodized Smoke &#8211; Anodized orange &#8211; Anodized turquoise &#8211; Anodized purple<\/p>\n<p>H\u00e6gt a\u00f0 s\u00e9rpanta bogmi\u00f0juna \u00ed LH.<\/p>\n<p>&nbsp;<\/p>\n","protected":false},"excerpt":{"rendered":"<p>\u00dea\u00f0 er h\u00e6gt a\u00f0 s\u00e9rpanta bogmi\u00f0juna \u00ed \u00feessum litum: Anodized blue &#8211; Anodized red &#8211; Anodized green &#8211; Anodized Smoke &#8211; Anodized orange &#8211; Anodized turquoise &#8211; Anodized purple H\u00e6gt a\u00f0 s\u00e9rpanta bogmi\u00f0juna \u00ed LH. &nbsp;<\/p>\n","protected":false},"featured_media":2716,"template":"","meta":{"jetpack_post_was_ever_published":false,"jetpack_publicize_message":"","jetpack_publicize_feature_enabled":true,"jetpack_social_post_already_shared":true,"jetpack_social_options":{"image_generator_settings":{"template":"highway","default_image_id":0,"font":"","enabled":false},"version":2}},"product_brand":[],"product_cat":[20,59,24],"product_tag":[],"class_list":{"0":"post-2715","1":"product","2":"type-product","3":"status-publish","4":"has-post-thumbnail","6":"product_cat-bogar","7":"product_cat-bogmidjur","8":"product_cat-sveigbogar","10":"first","11":"instock","12":"taxable","13":"shipping-taxable","14":"purchasable","15":"product-type-simple"},"yoast_head":"<!-- This site is optimized with the Yoast SEO plugin v27.4 - https:\/\/yoast.com\/product\/yoast-seo-wordpress\/ -->\n<title>KINETIC CNC SCOPUS 23&quot; BOGMI\u00d0JA RH - Bogfimisetri\u00f0<\/title>\n<meta name=\"robots\" content=\"index, follow, max-snippet:-1, max-image-preview:large, max-video-preview:-1\" \/>\n<link rel=\"canonical\" href=\"https:\/\/bogfimisetrid.is\/setrid\/product\/kinetic-cnc-scopus-23-bogmidja\/\" \/>\n<meta property=\"og:locale\" content=\"is_IS\" \/>\n<meta property=\"og:type\" content=\"article\" \/>\n<meta property=\"og:title\" content=\"KINETIC CNC SCOPUS 23&quot; BOGMI\u00d0JA RH - Bogfimisetri\u00f0\" \/>\n<meta property=\"og:description\" content=\"\u00dea\u00f0 er h\u00e6gt a\u00f0 s\u00e9rpanta bogmi\u00f0juna \u00ed \u00feessum litum: Anodized blue &#8211; Anodized red &#8211; Anodized green &#8211; Anodized Smoke &#8211; Anodized orange &#8211; Anodized turquoise &#8211; Anodized purple H\u00e6gt a\u00f0 s\u00e9rpanta bogmi\u00f0juna \u00ed LH. &nbsp;\" \/>\n<meta property=\"og:url\" content=\"https:\/\/bogfimisetrid.is\/setrid\/product\/kinetic-cnc-scopus-23-bogmidja\/\" \/>\n<meta property=\"og:site_name\" content=\"Bogfimisetri\u00f0\" \/>\n<meta property=\"article:publisher\" content=\"https:\/\/www.facebook.com\/Bogfimisetrid\/?ref=br_rs\" \/>\n<meta property=\"article:modified_time\" content=\"2025-03-31T17:51:39+00:00\" \/>\n<meta property=\"og:image\" content=\"https:\/\/bogfimisetrid.is\/setrid\/wp-content\/uploads\/2021\/11\/Avalon-Scopus-23-bogmidja.jpg\" \/>\n\t<meta property=\"og:image:width\" content=\"682\" \/>\n\t<meta property=\"og:image:height\" content=\"1023\" \/>\n\t<meta property=\"og:image:type\" content=\"image\/jpeg\" \/>\n<meta name=\"twitter:card\" content=\"summary_large_image\" \/>\n<meta name=\"twitter:label1\" content=\"Est. reading time\" \/>\n\t<meta name=\"twitter:data1\" content=\"1 minute\" \/>\n<script type=\"application\/ld+json\" class=\"yoast-schema-graph\">{\"@context\":\"https:\\\/\\\/schema.org\",\"@graph\":[{\"@type\":\"WebPage\",\"@id\":\"https:\\\/\\\/bogfimisetrid.is\\\/setrid\\\/product\\\/kinetic-cnc-scopus-23-bogmidja\\\/\",\"url\":\"https:\\\/\\\/bogfimisetrid.is\\\/setrid\\\/product\\\/kinetic-cnc-scopus-23-bogmidja\\\/\",\"name\":\"KINETIC CNC SCOPUS 23\\\" BOGMI\u00d0JA RH - Bogfimisetri\u00f0\",\"isPartOf\":{\"@id\":\"https:\\\/\\\/bogfimisetrid.is\\\/setrid\\\/#website\"},\"primaryImageOfPage\":{\"@id\":\"https:\\\/\\\/bogfimisetrid.is\\\/setrid\\\/product\\\/kinetic-cnc-scopus-23-bogmidja\\\/#primaryimage\"},\"image\":{\"@id\":\"https:\\\/\\\/bogfimisetrid.is\\\/setrid\\\/product\\\/kinetic-cnc-scopus-23-bogmidja\\\/#primaryimage\"},\"thumbnailUrl\":\"https:\\\/\\\/bogfimisetrid.is\\\/setrid\\\/wp-content\\\/uploads\\\/2021\\\/11\\\/Avalon-Scopus-23-bogmidja.jpg\",\"datePublished\":\"2021-11-16T19:33:18+00:00\",\"dateModified\":\"2025-03-31T17:51:39+00:00\",\"breadcrumb\":{\"@id\":\"https:\\\/\\\/bogfimisetrid.is\\\/setrid\\\/product\\\/kinetic-cnc-scopus-23-bogmidja\\\/#breadcrumb\"},\"inLanguage\":\"is\",\"potentialAction\":[{\"@type\":\"ReadAction\",\"target\":[\"https:\\\/\\\/bogfimisetrid.is\\\/setrid\\\/product\\\/kinetic-cnc-scopus-23-bogmidja\\\/\"]}]},{\"@type\":\"ImageObject\",\"inLanguage\":\"is\",\"@id\":\"https:\\\/\\\/bogfimisetrid.is\\\/setrid\\\/product\\\/kinetic-cnc-scopus-23-bogmidja\\\/#primaryimage\",\"url\":\"https:\\\/\\\/bogfimisetrid.is\\\/setrid\\\/wp-content\\\/uploads\\\/2021\\\/11\\\/Avalon-Scopus-23-bogmidja.jpg\",\"contentUrl\":\"https:\\\/\\\/bogfimisetrid.is\\\/setrid\\\/wp-content\\\/uploads\\\/2021\\\/11\\\/Avalon-Scopus-23-bogmidja.jpg\",\"width\":682,\"height\":1023},{\"@type\":\"BreadcrumbList\",\"@id\":\"https:\\\/\\\/bogfimisetrid.is\\\/setrid\\\/product\\\/kinetic-cnc-scopus-23-bogmidja\\\/#breadcrumb\",\"itemListElement\":[{\"@type\":\"ListItem\",\"position\":1,\"name\":\"Home\",\"item\":\"https:\\\/\\\/bogfimisetrid.is\\\/setrid\\\/\"},{\"@type\":\"ListItem\",\"position\":2,\"name\":\"Shop\",\"item\":\"https:\\\/\\\/bogfimisetrid.is\\\/setrid\\\/shop\\\/\"},{\"@type\":\"ListItem\",\"position\":3,\"name\":\"KINETIC CNC SCOPUS 23&#8243; BOGMI\u00d0JA RH\"}]},{\"@type\":\"WebSite\",\"@id\":\"https:\\\/\\\/bogfimisetrid.is\\\/setrid\\\/#website\",\"url\":\"https:\\\/\\\/bogfimisetrid.is\\\/setrid\\\/\",\"name\":\"Bogfimisetri\u00f0\",\"description\":\"Fyrir alla fj\u00f6lskylduna\",\"publisher\":{\"@id\":\"https:\\\/\\\/bogfimisetrid.is\\\/setrid\\\/#organization\"},\"potentialAction\":[{\"@type\":\"SearchAction\",\"target\":{\"@type\":\"EntryPoint\",\"urlTemplate\":\"https:\\\/\\\/bogfimisetrid.is\\\/setrid\\\/?s={search_term_string}\"},\"query-input\":{\"@type\":\"PropertyValueSpecification\",\"valueRequired\":true,\"valueName\":\"search_term_string\"}}],\"inLanguage\":\"is\"},{\"@type\":\"Organization\",\"@id\":\"https:\\\/\\\/bogfimisetrid.is\\\/setrid\\\/#organization\",\"name\":\"Bogfimisetrid Archery Range\",\"url\":\"https:\\\/\\\/bogfimisetrid.is\\\/setrid\\\/\",\"logo\":{\"@type\":\"ImageObject\",\"inLanguage\":\"is\",\"@id\":\"https:\\\/\\\/bogfimisetrid.is\\\/setrid\\\/#\\\/schema\\\/logo\\\/image\\\/\",\"url\":\"https:\\\/\\\/bogfimisetrid.is\\\/setrid\\\/wp-content\\\/uploads\\\/2018\\\/02\\\/logo.png\",\"contentUrl\":\"https:\\\/\\\/bogfimisetrid.is\\\/setrid\\\/wp-content\\\/uploads\\\/2018\\\/02\\\/logo.png\",\"width\":500,\"height\":176,\"caption\":\"Bogfimisetrid Archery Range\"},\"image\":{\"@id\":\"https:\\\/\\\/bogfimisetrid.is\\\/setrid\\\/#\\\/schema\\\/logo\\\/image\\\/\"},\"sameAs\":[\"https:\\\/\\\/www.facebook.com\\\/Bogfimisetrid\\\/?ref=br_rs\"]}]}<\/script>\n<!-- \/ Yoast SEO plugin. -->","yoast_head_json":{"title":"KINETIC CNC SCOPUS 23\" BOGMI\u00d0JA RH - Bogfimisetri\u00f0","robots":{"index":"index","follow":"follow","max-snippet":"max-snippet:-1","max-image-preview":"max-image-preview:large","max-video-preview":"max-video-preview:-1"},"canonical":"https:\/\/bogfimisetrid.is\/setrid\/product\/kinetic-cnc-scopus-23-bogmidja\/","og_locale":"is_IS","og_type":"article","og_title":"KINETIC CNC SCOPUS 23\" BOGMI\u00d0JA RH - Bogfimisetri\u00f0","og_description":"\u00dea\u00f0 er h\u00e6gt a\u00f0 s\u00e9rpanta bogmi\u00f0juna \u00ed \u00feessum litum: Anodized blue &#8211; Anodized red &#8211; Anodized green &#8211; Anodized Smoke &#8211; Anodized orange &#8211; Anodized turquoise &#8211; Anodized purple H\u00e6gt a\u00f0 s\u00e9rpanta bogmi\u00f0juna \u00ed LH. &nbsp;","og_url":"https:\/\/bogfimisetrid.is\/setrid\/product\/kinetic-cnc-scopus-23-bogmidja\/","og_site_name":"Bogfimisetri\u00f0","article_publisher":"https:\/\/www.facebook.com\/Bogfimisetrid\/?ref=br_rs","article_modified_time":"2025-03-31T17:51:39+00:00","og_image":[{"width":682,"height":1023,"url":"https:\/\/bogfimisetrid.is\/setrid\/wp-content\/uploads\/2021\/11\/Avalon-Scopus-23-bogmidja.jpg","type":"image\/jpeg"}],"twitter_card":"summary_large_image","twitter_misc":{"Est. reading time":"1 minute"},"schema":{"@context":"https:\/\/schema.org","@graph":[{"@type":"WebPage","@id":"https:\/\/bogfimisetrid.is\/setrid\/product\/kinetic-cnc-scopus-23-bogmidja\/","url":"https:\/\/bogfimisetrid.is\/setrid\/product\/kinetic-cnc-scopus-23-bogmidja\/","name":"KINETIC CNC SCOPUS 23\" BOGMI\u00d0JA RH - Bogfimisetri\u00f0","isPartOf":{"@id":"https:\/\/bogfimisetrid.is\/setrid\/#website"},"primaryImageOfPage":{"@id":"https:\/\/bogfimisetrid.is\/setrid\/product\/kinetic-cnc-scopus-23-bogmidja\/#primaryimage"},"image":{"@id":"https:\/\/bogfimisetrid.is\/setrid\/product\/kinetic-cnc-scopus-23-bogmidja\/#primaryimage"},"thumbnailUrl":"https:\/\/bogfimisetrid.is\/setrid\/wp-content\/uploads\/2021\/11\/Avalon-Scopus-23-bogmidja.jpg","datePublished":"2021-11-16T19:33:18+00:00","dateModified":"2025-03-31T17:51:39+00:00","breadcrumb":{"@id":"https:\/\/bogfimisetrid.is\/setrid\/product\/kinetic-cnc-scopus-23-bogmidja\/#breadcrumb"},"inLanguage":"is","potentialAction":[{"@type":"ReadAction","target":["https:\/\/bogfimisetrid.is\/setrid\/product\/kinetic-cnc-scopus-23-bogmidja\/"]}]},{"@type":"ImageObject","inLanguage":"is","@id":"https:\/\/bogfimisetrid.is\/setrid\/product\/kinetic-cnc-scopus-23-bogmidja\/#primaryimage","url":"https:\/\/bogfimisetrid.is\/setrid\/wp-content\/uploads\/2021\/11\/Avalon-Scopus-23-bogmidja.jpg","contentUrl":"https:\/\/bogfimisetrid.is\/setrid\/wp-content\/uploads\/2021\/11\/Avalon-Scopus-23-bogmidja.jpg","width":682,"height":1023},{"@type":"BreadcrumbList","@id":"https:\/\/bogfimisetrid.is\/setrid\/product\/kinetic-cnc-scopus-23-bogmidja\/#breadcrumb","itemListElement":[{"@type":"ListItem","position":1,"name":"Home","item":"https:\/\/bogfimisetrid.is\/setrid\/"},{"@type":"ListItem","position":2,"name":"Shop","item":"https:\/\/bogfimisetrid.is\/setrid\/shop\/"},{"@type":"ListItem","position":3,"name":"KINETIC CNC SCOPUS 23&#8243; BOGMI\u00d0JA RH"}]},{"@type":"WebSite","@id":"https:\/\/bogfimisetrid.is\/setrid\/#website","url":"https:\/\/bogfimisetrid.is\/setrid\/","name":"Bogfimisetri\u00f0","description":"Fyrir alla fj\u00f6lskylduna","publisher":{"@id":"https:\/\/bogfimisetrid.is\/setrid\/#organization"},"potentialAction":[{"@type":"SearchAction","target":{"@type":"EntryPoint","urlTemplate":"https:\/\/bogfimisetrid.is\/setrid\/?s={search_term_string}"},"query-input":{"@type":"PropertyValueSpecification","valueRequired":true,"valueName":"search_term_string"}}],"inLanguage":"is"},{"@type":"Organization","@id":"https:\/\/bogfimisetrid.is\/setrid\/#organization","name":"Bogfimisetrid Archery Range","url":"https:\/\/bogfimisetrid.is\/setrid\/","logo":{"@type":"ImageObject","inLanguage":"is","@id":"https:\/\/bogfimisetrid.is\/setrid\/#\/schema\/logo\/image\/","url":"https:\/\/bogfimisetrid.is\/setrid\/wp-content\/uploads\/2018\/02\/logo.png","contentUrl":"https:\/\/bogfimisetrid.is\/setrid\/wp-content\/uploads\/2018\/02\/logo.png","width":500,"height":176,"caption":"Bogfimisetrid Archery Range"},"image":{"@id":"https:\/\/bogfimisetrid.is\/setrid\/#\/schema\/logo\/image\/"},"sameAs":["https:\/\/www.facebook.com\/Bogfimisetrid\/?ref=br_rs"]}]}},"jetpack_publicize_connections":[],"jetpack_sharing_enabled":true,"_links":{"self":[{"href":"https:\/\/bogfimisetrid.is\/setrid\/wp-json\/wp\/v2\/product\/2715","targetHints":{"allow":["GET"]}}],"collection":[{"href":"https:\/\/bogfimisetrid.is\/setrid\/wp-json\/wp\/v2\/product"}],"about":[{"href":"https:\/\/bogfimisetrid.is\/setrid\/wp-json\/wp\/v2\/types\/product"}],"wp:featuredmedia":[{"embeddable":true,"href":"https:\/\/bogfimisetrid.is\/setrid\/wp-json\/wp\/v2\/media\/2716"}],"wp:attachment":[{"href":"https:\/\/bogfimisetrid.is\/setrid\/wp-json\/wp\/v2\/media?parent=2715"}],"wp:term":[{"taxonomy":"product_brand","embeddable":true,"href":"https:\/\/bogfimisetrid.is\/setrid\/wp-json\/wp\/v2\/product_brand?post=2715"},{"taxonomy":"product_cat","embeddable":true,"href":"https:\/\/bogfimisetrid.is\/setrid\/wp-json\/wp\/v2\/product_cat?post=2715"},{"taxonomy":"product_tag","embeddable":true,"href":"https:\/\/bogfimisetrid.is\/setrid\/wp-json\/wp\/v2\/product_tag?post=2715"}],"curies":[{"name":"wp","href":"https:\/\/api.w.org\/{rel}","templated":true}]}}