{"id":2512,"date":"2020-12-04T19:53:36","date_gmt":"2020-12-04T19:53:36","guid":{"rendered":"https:\/\/bogfimisetrid.is\/setrid\/?post_type=product&#038;p=2512"},"modified":"2025-03-31T18:05:11","modified_gmt":"2025-03-31T18:05:11","slug":"buck-trail-bow-sock-sokkur-fyrir-langboga","status":"publish","type":"product","link":"https:\/\/bogfimisetrid.is\/setrid\/product\/buck-trail-bow-sock-sokkur-fyrir-langboga\/","title":{"rendered":"BUCK TRAIL Bow-Sock \/ &#8222;Sokkur&#8220; fyrir langboga"},"content":{"rendered":"<p>&#8211; St\u00e6r\u00f0: 180cm L x 10cm W<\/p>\n","protected":false},"excerpt":{"rendered":"<p>&#8211; St\u00e6r\u00f0: 180cm L x 10cm W<\/p>\n","protected":false},"featured_media":2513,"template":"","meta":{"jetpack_post_was_ever_published":false,"jetpack_publicize_message":"","jetpack_publicize_feature_enabled":true,"jetpack_social_post_already_shared":true,"jetpack_social_options":{"image_generator_settings":{"template":"highway","default_image_id":0,"font":"","enabled":false},"version":2}},"product_brand":[],"product_cat":[55,34],"product_tag":[],"class_list":{"0":"post-2512","1":"product","2":"type-product","3":"status-publish","4":"has-post-thumbnail","6":"product_cat-adrar-toskur-og-hirslur","7":"product_cat-toskur","9":"first","10":"instock","11":"taxable","12":"shipping-taxable","13":"purchasable","14":"product-type-simple"},"yoast_head":"<!-- This site is optimized with the Yoast SEO plugin v27.3 - https:\/\/yoast.com\/product\/yoast-seo-wordpress\/ -->\n<title>BUCK TRAIL Bow-Sock \/ &quot;Sokkur&quot; fyrir langboga - Bogfimisetri\u00f0<\/title>\n<meta name=\"robots\" content=\"index, follow, max-snippet:-1, max-image-preview:large, max-video-preview:-1\" \/>\n<link rel=\"canonical\" href=\"https:\/\/bogfimisetrid.is\/setrid\/product\/buck-trail-bow-sock-sokkur-fyrir-langboga\/\" \/>\n<meta property=\"og:locale\" content=\"is_IS\" \/>\n<meta property=\"og:type\" content=\"article\" \/>\n<meta property=\"og:title\" content=\"BUCK TRAIL Bow-Sock \/ &quot;Sokkur&quot; fyrir langboga - Bogfimisetri\u00f0\" \/>\n<meta property=\"og:description\" content=\"&#8211; St\u00e6r\u00f0: 180cm L x 10cm W\" \/>\n<meta property=\"og:url\" content=\"https:\/\/bogfimisetrid.is\/setrid\/product\/buck-trail-bow-sock-sokkur-fyrir-langboga\/\" \/>\n<meta property=\"og:site_name\" content=\"Bogfimisetri\u00f0\" \/>\n<meta property=\"article:publisher\" content=\"https:\/\/www.facebook.com\/Bogfimisetrid\/?ref=br_rs\" \/>\n<meta property=\"article:modified_time\" content=\"2025-03-31T18:05:11+00:00\" \/>\n<meta property=\"og:image\" content=\"https:\/\/bogfimisetrid.is\/setrid\/wp-content\/uploads\/2020\/12\/Buck-Trail-bow-sock.jpg\" \/>\n\t<meta property=\"og:image:width\" content=\"988\" \/>\n\t<meta property=\"og:image:height\" content=\"479\" \/>\n\t<meta property=\"og:image:type\" content=\"image\/jpeg\" \/>\n<meta name=\"twitter:card\" content=\"summary_large_image\" \/>\n<meta name=\"twitter:label1\" content=\"Est. reading time\" \/>\n\t<meta name=\"twitter:data1\" content=\"1 minute\" \/>\n<script type=\"application\/ld+json\" class=\"yoast-schema-graph\">{\"@context\":\"https:\\\/\\\/schema.org\",\"@graph\":[{\"@type\":\"WebPage\",\"@id\":\"https:\\\/\\\/bogfimisetrid.is\\\/setrid\\\/product\\\/buck-trail-bow-sock-sokkur-fyrir-langboga\\\/\",\"url\":\"https:\\\/\\\/bogfimisetrid.is\\\/setrid\\\/product\\\/buck-trail-bow-sock-sokkur-fyrir-langboga\\\/\",\"name\":\"BUCK TRAIL Bow-Sock \\\/ \\\"Sokkur\\\" fyrir langboga - Bogfimisetri\u00f0\",\"isPartOf\":{\"@id\":\"https:\\\/\\\/bogfimisetrid.is\\\/setrid\\\/#website\"},\"primaryImageOfPage\":{\"@id\":\"https:\\\/\\\/bogfimisetrid.is\\\/setrid\\\/product\\\/buck-trail-bow-sock-sokkur-fyrir-langboga\\\/#primaryimage\"},\"image\":{\"@id\":\"https:\\\/\\\/bogfimisetrid.is\\\/setrid\\\/product\\\/buck-trail-bow-sock-sokkur-fyrir-langboga\\\/#primaryimage\"},\"thumbnailUrl\":\"https:\\\/\\\/bogfimisetrid.is\\\/setrid\\\/wp-content\\\/uploads\\\/2020\\\/12\\\/Buck-Trail-bow-sock.jpg\",\"datePublished\":\"2020-12-04T19:53:36+00:00\",\"dateModified\":\"2025-03-31T18:05:11+00:00\",\"breadcrumb\":{\"@id\":\"https:\\\/\\\/bogfimisetrid.is\\\/setrid\\\/product\\\/buck-trail-bow-sock-sokkur-fyrir-langboga\\\/#breadcrumb\"},\"inLanguage\":\"is\",\"potentialAction\":[{\"@type\":\"ReadAction\",\"target\":[\"https:\\\/\\\/bogfimisetrid.is\\\/setrid\\\/product\\\/buck-trail-bow-sock-sokkur-fyrir-langboga\\\/\"]}]},{\"@type\":\"ImageObject\",\"inLanguage\":\"is\",\"@id\":\"https:\\\/\\\/bogfimisetrid.is\\\/setrid\\\/product\\\/buck-trail-bow-sock-sokkur-fyrir-langboga\\\/#primaryimage\",\"url\":\"https:\\\/\\\/bogfimisetrid.is\\\/setrid\\\/wp-content\\\/uploads\\\/2020\\\/12\\\/Buck-Trail-bow-sock.jpg\",\"contentUrl\":\"https:\\\/\\\/bogfimisetrid.is\\\/setrid\\\/wp-content\\\/uploads\\\/2020\\\/12\\\/Buck-Trail-bow-sock.jpg\",\"width\":988,\"height\":479},{\"@type\":\"BreadcrumbList\",\"@id\":\"https:\\\/\\\/bogfimisetrid.is\\\/setrid\\\/product\\\/buck-trail-bow-sock-sokkur-fyrir-langboga\\\/#breadcrumb\",\"itemListElement\":[{\"@type\":\"ListItem\",\"position\":1,\"name\":\"Home\",\"item\":\"https:\\\/\\\/bogfimisetrid.is\\\/setrid\\\/\"},{\"@type\":\"ListItem\",\"position\":2,\"name\":\"Shop\",\"item\":\"https:\\\/\\\/bogfimisetrid.is\\\/setrid\\\/shop\\\/\"},{\"@type\":\"ListItem\",\"position\":3,\"name\":\"BUCK TRAIL Bow-Sock \\\/ &#8220;Sokkur&#8221; fyrir langboga\"}]},{\"@type\":\"WebSite\",\"@id\":\"https:\\\/\\\/bogfimisetrid.is\\\/setrid\\\/#website\",\"url\":\"https:\\\/\\\/bogfimisetrid.is\\\/setrid\\\/\",\"name\":\"Bogfimisetri\u00f0\",\"description\":\"Fyrir alla fj\u00f6lskylduna\",\"publisher\":{\"@id\":\"https:\\\/\\\/bogfimisetrid.is\\\/setrid\\\/#organization\"},\"potentialAction\":[{\"@type\":\"SearchAction\",\"target\":{\"@type\":\"EntryPoint\",\"urlTemplate\":\"https:\\\/\\\/bogfimisetrid.is\\\/setrid\\\/?s={search_term_string}\"},\"query-input\":{\"@type\":\"PropertyValueSpecification\",\"valueRequired\":true,\"valueName\":\"search_term_string\"}}],\"inLanguage\":\"is\"},{\"@type\":\"Organization\",\"@id\":\"https:\\\/\\\/bogfimisetrid.is\\\/setrid\\\/#organization\",\"name\":\"Bogfimisetrid Archery Range\",\"url\":\"https:\\\/\\\/bogfimisetrid.is\\\/setrid\\\/\",\"logo\":{\"@type\":\"ImageObject\",\"inLanguage\":\"is\",\"@id\":\"https:\\\/\\\/bogfimisetrid.is\\\/setrid\\\/#\\\/schema\\\/logo\\\/image\\\/\",\"url\":\"https:\\\/\\\/bogfimisetrid.is\\\/setrid\\\/wp-content\\\/uploads\\\/2018\\\/02\\\/logo.png\",\"contentUrl\":\"https:\\\/\\\/bogfimisetrid.is\\\/setrid\\\/wp-content\\\/uploads\\\/2018\\\/02\\\/logo.png\",\"width\":500,\"height\":176,\"caption\":\"Bogfimisetrid Archery Range\"},\"image\":{\"@id\":\"https:\\\/\\\/bogfimisetrid.is\\\/setrid\\\/#\\\/schema\\\/logo\\\/image\\\/\"},\"sameAs\":[\"https:\\\/\\\/www.facebook.com\\\/Bogfimisetrid\\\/?ref=br_rs\"]}]}<\/script>\n<!-- \/ Yoast SEO plugin. -->","yoast_head_json":{"title":"BUCK TRAIL Bow-Sock \/ \"Sokkur\" fyrir langboga - Bogfimisetri\u00f0","robots":{"index":"index","follow":"follow","max-snippet":"max-snippet:-1","max-image-preview":"max-image-preview:large","max-video-preview":"max-video-preview:-1"},"canonical":"https:\/\/bogfimisetrid.is\/setrid\/product\/buck-trail-bow-sock-sokkur-fyrir-langboga\/","og_locale":"is_IS","og_type":"article","og_title":"BUCK TRAIL Bow-Sock \/ \"Sokkur\" fyrir langboga - Bogfimisetri\u00f0","og_description":"&#8211; St\u00e6r\u00f0: 180cm L x 10cm W","og_url":"https:\/\/bogfimisetrid.is\/setrid\/product\/buck-trail-bow-sock-sokkur-fyrir-langboga\/","og_site_name":"Bogfimisetri\u00f0","article_publisher":"https:\/\/www.facebook.com\/Bogfimisetrid\/?ref=br_rs","article_modified_time":"2025-03-31T18:05:11+00:00","og_image":[{"width":988,"height":479,"url":"https:\/\/bogfimisetrid.is\/setrid\/wp-content\/uploads\/2020\/12\/Buck-Trail-bow-sock.jpg","type":"image\/jpeg"}],"twitter_card":"summary_large_image","twitter_misc":{"Est. reading time":"1 minute"},"schema":{"@context":"https:\/\/schema.org","@graph":[{"@type":"WebPage","@id":"https:\/\/bogfimisetrid.is\/setrid\/product\/buck-trail-bow-sock-sokkur-fyrir-langboga\/","url":"https:\/\/bogfimisetrid.is\/setrid\/product\/buck-trail-bow-sock-sokkur-fyrir-langboga\/","name":"BUCK TRAIL Bow-Sock \/ \"Sokkur\" fyrir langboga - Bogfimisetri\u00f0","isPartOf":{"@id":"https:\/\/bogfimisetrid.is\/setrid\/#website"},"primaryImageOfPage":{"@id":"https:\/\/bogfimisetrid.is\/setrid\/product\/buck-trail-bow-sock-sokkur-fyrir-langboga\/#primaryimage"},"image":{"@id":"https:\/\/bogfimisetrid.is\/setrid\/product\/buck-trail-bow-sock-sokkur-fyrir-langboga\/#primaryimage"},"thumbnailUrl":"https:\/\/bogfimisetrid.is\/setrid\/wp-content\/uploads\/2020\/12\/Buck-Trail-bow-sock.jpg","datePublished":"2020-12-04T19:53:36+00:00","dateModified":"2025-03-31T18:05:11+00:00","breadcrumb":{"@id":"https:\/\/bogfimisetrid.is\/setrid\/product\/buck-trail-bow-sock-sokkur-fyrir-langboga\/#breadcrumb"},"inLanguage":"is","potentialAction":[{"@type":"ReadAction","target":["https:\/\/bogfimisetrid.is\/setrid\/product\/buck-trail-bow-sock-sokkur-fyrir-langboga\/"]}]},{"@type":"ImageObject","inLanguage":"is","@id":"https:\/\/bogfimisetrid.is\/setrid\/product\/buck-trail-bow-sock-sokkur-fyrir-langboga\/#primaryimage","url":"https:\/\/bogfimisetrid.is\/setrid\/wp-content\/uploads\/2020\/12\/Buck-Trail-bow-sock.jpg","contentUrl":"https:\/\/bogfimisetrid.is\/setrid\/wp-content\/uploads\/2020\/12\/Buck-Trail-bow-sock.jpg","width":988,"height":479},{"@type":"BreadcrumbList","@id":"https:\/\/bogfimisetrid.is\/setrid\/product\/buck-trail-bow-sock-sokkur-fyrir-langboga\/#breadcrumb","itemListElement":[{"@type":"ListItem","position":1,"name":"Home","item":"https:\/\/bogfimisetrid.is\/setrid\/"},{"@type":"ListItem","position":2,"name":"Shop","item":"https:\/\/bogfimisetrid.is\/setrid\/shop\/"},{"@type":"ListItem","position":3,"name":"BUCK TRAIL Bow-Sock \/ &#8220;Sokkur&#8221; fyrir langboga"}]},{"@type":"WebSite","@id":"https:\/\/bogfimisetrid.is\/setrid\/#website","url":"https:\/\/bogfimisetrid.is\/setrid\/","name":"Bogfimisetri\u00f0","description":"Fyrir alla fj\u00f6lskylduna","publisher":{"@id":"https:\/\/bogfimisetrid.is\/setrid\/#organization"},"potentialAction":[{"@type":"SearchAction","target":{"@type":"EntryPoint","urlTemplate":"https:\/\/bogfimisetrid.is\/setrid\/?s={search_term_string}"},"query-input":{"@type":"PropertyValueSpecification","valueRequired":true,"valueName":"search_term_string"}}],"inLanguage":"is"},{"@type":"Organization","@id":"https:\/\/bogfimisetrid.is\/setrid\/#organization","name":"Bogfimisetrid Archery Range","url":"https:\/\/bogfimisetrid.is\/setrid\/","logo":{"@type":"ImageObject","inLanguage":"is","@id":"https:\/\/bogfimisetrid.is\/setrid\/#\/schema\/logo\/image\/","url":"https:\/\/bogfimisetrid.is\/setrid\/wp-content\/uploads\/2018\/02\/logo.png","contentUrl":"https:\/\/bogfimisetrid.is\/setrid\/wp-content\/uploads\/2018\/02\/logo.png","width":500,"height":176,"caption":"Bogfimisetrid Archery Range"},"image":{"@id":"https:\/\/bogfimisetrid.is\/setrid\/#\/schema\/logo\/image\/"},"sameAs":["https:\/\/www.facebook.com\/Bogfimisetrid\/?ref=br_rs"]}]}},"jetpack_publicize_connections":[],"jetpack_sharing_enabled":true,"_links":{"self":[{"href":"https:\/\/bogfimisetrid.is\/setrid\/wp-json\/wp\/v2\/product\/2512","targetHints":{"allow":["GET"]}}],"collection":[{"href":"https:\/\/bogfimisetrid.is\/setrid\/wp-json\/wp\/v2\/product"}],"about":[{"href":"https:\/\/bogfimisetrid.is\/setrid\/wp-json\/wp\/v2\/types\/product"}],"wp:featuredmedia":[{"embeddable":true,"href":"https:\/\/bogfimisetrid.is\/setrid\/wp-json\/wp\/v2\/media\/2513"}],"wp:attachment":[{"href":"https:\/\/bogfimisetrid.is\/setrid\/wp-json\/wp\/v2\/media?parent=2512"}],"wp:term":[{"taxonomy":"product_brand","embeddable":true,"href":"https:\/\/bogfimisetrid.is\/setrid\/wp-json\/wp\/v2\/product_brand?post=2512"},{"taxonomy":"product_cat","embeddable":true,"href":"https:\/\/bogfimisetrid.is\/setrid\/wp-json\/wp\/v2\/product_cat?post=2512"},{"taxonomy":"product_tag","embeddable":true,"href":"https:\/\/bogfimisetrid.is\/setrid\/wp-json\/wp\/v2\/product_tag?post=2512"}],"curies":[{"name":"wp","href":"https:\/\/api.w.org\/{rel}","templated":true}]}}