{"id":1427,"date":"2019-02-03T12:15:48","date_gmt":"2019-02-03T12:15:48","guid":{"rendered":"http:\/\/bogfimisetrid.is\/setrid\/?post_type=product&#038;p=1427"},"modified":"2025-03-31T20:54:07","modified_gmt":"2025-03-31T20:54:07","slug":"axcel-sveigboga-scope-curve-sjef-series-rxf-8-32-rh-019-red-pin","status":"publish","type":"product","link":"https:\/\/bogfimisetrid.is\/setrid\/product\/axcel-sveigboga-scope-curve-sjef-series-rxf-8-32-rh-019-red-pin\/","title":{"rendered":"AXCEL Sveigboga Scope Curve Sjef Series RX 8-32 RH .019&#8243; Red Pin"},"content":{"rendered":"<p>Scope fyrir sveigboga (er ekki me\u00f0 st\u00e6kkun).<\/p>\n<p>H\u00e6gt a\u00f0 s\u00e9rpanta:<\/p>\n<p>* LH<br \/>\n* me\u00f0 rau\u00f0an e\u00f0a gr\u00e6nan pinna<br \/>\n* st\u00e6r\u00f0: .019&#8243; e\u00f0a .0.29&#8243;<\/p>\n","protected":false},"excerpt":{"rendered":"<p>Scope fyrir sveigboga (er ekki me\u00f0 st\u00e6kkun). H\u00e6gt a\u00f0 s\u00e9rpanta: * LH * me\u00f0 rau\u00f0an e\u00f0a gr\u00e6nan pinna * st\u00e6r\u00f0: .019&#8243; e\u00f0a .0.29&#8243;<\/p>\n","protected":false},"featured_media":1428,"template":"","meta":{"jetpack_publicize_message":"","jetpack_publicize_feature_enabled":true,"jetpack_social_post_already_shared":true,"jetpack_social_options":{"image_generator_settings":{"template":"highway","default_image_id":0,"font":"","enabled":false},"version":2}},"product_brand":[],"product_cat":[16,27],"product_tag":[],"class_list":{"0":"post-1427","1":"product","2":"type-product","3":"status-publish","4":"has-post-thumbnail","6":"product_cat-boga-aukahlutir","7":"product_cat-scope-og-sigtispinnar","9":"first","10":"instock","11":"taxable","12":"shipping-taxable","13":"purchasable","14":"product-type-simple"},"yoast_head":"<!-- This site is optimized with the Yoast SEO plugin v27.5 - https:\/\/yoast.com\/product\/yoast-seo-wordpress\/ -->\n<title>AXCEL Sveigboga Scope Curve Sjef Series RX 8-32 RH .019&quot; Red Pin - Bogfimisetri\u00f0<\/title>\n<meta name=\"robots\" content=\"index, follow, max-snippet:-1, max-image-preview:large, max-video-preview:-1\" \/>\n<link rel=\"canonical\" href=\"https:\/\/bogfimisetrid.is\/setrid\/product\/axcel-sveigboga-scope-curve-sjef-series-rxf-8-32-rh-019-red-pin\/\" \/>\n<meta property=\"og:locale\" content=\"is_IS\" \/>\n<meta property=\"og:type\" content=\"article\" \/>\n<meta property=\"og:title\" content=\"AXCEL Sveigboga Scope Curve Sjef Series RX 8-32 RH .019&quot; Red Pin - Bogfimisetri\u00f0\" \/>\n<meta property=\"og:description\" content=\"Scope fyrir sveigboga (er ekki me\u00f0 st\u00e6kkun). H\u00e6gt a\u00f0 s\u00e9rpanta: * LH * me\u00f0 rau\u00f0an e\u00f0a gr\u00e6nan pinna * st\u00e6r\u00f0: .019&#8243; e\u00f0a .0.29&#8243;\" \/>\n<meta property=\"og:url\" content=\"https:\/\/bogfimisetrid.is\/setrid\/product\/axcel-sveigboga-scope-curve-sjef-series-rxf-8-32-rh-019-red-pin\/\" \/>\n<meta property=\"og:site_name\" content=\"Bogfimisetri\u00f0\" \/>\n<meta property=\"article:publisher\" content=\"https:\/\/www.facebook.com\/Bogfimisetrid\/?ref=br_rs\" \/>\n<meta property=\"article:modified_time\" content=\"2025-03-31T20:54:07+00:00\" \/>\n<meta property=\"og:image\" content=\"https:\/\/bogfimisetrid.is\/setrid\/wp-content\/uploads\/2019\/02\/axcel-curve-rx-sjef-scope-bkpin19rd.jpg\" \/>\n\t<meta property=\"og:image:width\" content=\"350\" \/>\n\t<meta property=\"og:image:height\" content=\"350\" \/>\n\t<meta property=\"og:image:type\" content=\"image\/jpeg\" \/>\n<meta name=\"twitter:card\" content=\"summary_large_image\" \/>\n<meta name=\"twitter:label1\" content=\"Est. reading time\" \/>\n\t<meta name=\"twitter:data1\" content=\"1 minute\" \/>\n<script type=\"application\/ld+json\" class=\"yoast-schema-graph\">{\"@context\":\"https:\\\/\\\/schema.org\",\"@graph\":[{\"@type\":\"WebPage\",\"@id\":\"https:\\\/\\\/bogfimisetrid.is\\\/setrid\\\/product\\\/axcel-sveigboga-scope-curve-sjef-series-rxf-8-32-rh-019-red-pin\\\/\",\"url\":\"https:\\\/\\\/bogfimisetrid.is\\\/setrid\\\/product\\\/axcel-sveigboga-scope-curve-sjef-series-rxf-8-32-rh-019-red-pin\\\/\",\"name\":\"AXCEL Sveigboga Scope Curve Sjef Series RX 8-32 RH .019\\\" Red Pin - Bogfimisetri\u00f0\",\"isPartOf\":{\"@id\":\"https:\\\/\\\/bogfimisetrid.is\\\/setrid\\\/#website\"},\"primaryImageOfPage\":{\"@id\":\"https:\\\/\\\/bogfimisetrid.is\\\/setrid\\\/product\\\/axcel-sveigboga-scope-curve-sjef-series-rxf-8-32-rh-019-red-pin\\\/#primaryimage\"},\"image\":{\"@id\":\"https:\\\/\\\/bogfimisetrid.is\\\/setrid\\\/product\\\/axcel-sveigboga-scope-curve-sjef-series-rxf-8-32-rh-019-red-pin\\\/#primaryimage\"},\"thumbnailUrl\":\"https:\\\/\\\/bogfimisetrid.is\\\/setrid\\\/wp-content\\\/uploads\\\/2019\\\/02\\\/axcel-curve-rx-sjef-scope-bkpin19rd.jpg\",\"datePublished\":\"2019-02-03T12:15:48+00:00\",\"dateModified\":\"2025-03-31T20:54:07+00:00\",\"breadcrumb\":{\"@id\":\"https:\\\/\\\/bogfimisetrid.is\\\/setrid\\\/product\\\/axcel-sveigboga-scope-curve-sjef-series-rxf-8-32-rh-019-red-pin\\\/#breadcrumb\"},\"inLanguage\":\"is\",\"potentialAction\":[{\"@type\":\"ReadAction\",\"target\":[\"https:\\\/\\\/bogfimisetrid.is\\\/setrid\\\/product\\\/axcel-sveigboga-scope-curve-sjef-series-rxf-8-32-rh-019-red-pin\\\/\"]}]},{\"@type\":\"ImageObject\",\"inLanguage\":\"is\",\"@id\":\"https:\\\/\\\/bogfimisetrid.is\\\/setrid\\\/product\\\/axcel-sveigboga-scope-curve-sjef-series-rxf-8-32-rh-019-red-pin\\\/#primaryimage\",\"url\":\"https:\\\/\\\/bogfimisetrid.is\\\/setrid\\\/wp-content\\\/uploads\\\/2019\\\/02\\\/axcel-curve-rx-sjef-scope-bkpin19rd.jpg\",\"contentUrl\":\"https:\\\/\\\/bogfimisetrid.is\\\/setrid\\\/wp-content\\\/uploads\\\/2019\\\/02\\\/axcel-curve-rx-sjef-scope-bkpin19rd.jpg\",\"width\":350,\"height\":350},{\"@type\":\"BreadcrumbList\",\"@id\":\"https:\\\/\\\/bogfimisetrid.is\\\/setrid\\\/product\\\/axcel-sveigboga-scope-curve-sjef-series-rxf-8-32-rh-019-red-pin\\\/#breadcrumb\",\"itemListElement\":[{\"@type\":\"ListItem\",\"position\":1,\"name\":\"Home\",\"item\":\"https:\\\/\\\/bogfimisetrid.is\\\/setrid\\\/\"},{\"@type\":\"ListItem\",\"position\":2,\"name\":\"Shop\",\"item\":\"https:\\\/\\\/bogfimisetrid.is\\\/setrid\\\/shop\\\/\"},{\"@type\":\"ListItem\",\"position\":3,\"name\":\"AXCEL Sveigboga Scope Curve Sjef Series RX 8-32 RH .019&#8243; Red Pin\"}]},{\"@type\":\"WebSite\",\"@id\":\"https:\\\/\\\/bogfimisetrid.is\\\/setrid\\\/#website\",\"url\":\"https:\\\/\\\/bogfimisetrid.is\\\/setrid\\\/\",\"name\":\"Bogfimisetri\u00f0\",\"description\":\"Fyrir alla fj\u00f6lskylduna\",\"publisher\":{\"@id\":\"https:\\\/\\\/bogfimisetrid.is\\\/setrid\\\/#organization\"},\"potentialAction\":[{\"@type\":\"SearchAction\",\"target\":{\"@type\":\"EntryPoint\",\"urlTemplate\":\"https:\\\/\\\/bogfimisetrid.is\\\/setrid\\\/?s={search_term_string}\"},\"query-input\":{\"@type\":\"PropertyValueSpecification\",\"valueRequired\":true,\"valueName\":\"search_term_string\"}}],\"inLanguage\":\"is\"},{\"@type\":\"Organization\",\"@id\":\"https:\\\/\\\/bogfimisetrid.is\\\/setrid\\\/#organization\",\"name\":\"Bogfimisetrid Archery Range\",\"url\":\"https:\\\/\\\/bogfimisetrid.is\\\/setrid\\\/\",\"logo\":{\"@type\":\"ImageObject\",\"inLanguage\":\"is\",\"@id\":\"https:\\\/\\\/bogfimisetrid.is\\\/setrid\\\/#\\\/schema\\\/logo\\\/image\\\/\",\"url\":\"https:\\\/\\\/bogfimisetrid.is\\\/setrid\\\/wp-content\\\/uploads\\\/2018\\\/02\\\/logo.png\",\"contentUrl\":\"https:\\\/\\\/bogfimisetrid.is\\\/setrid\\\/wp-content\\\/uploads\\\/2018\\\/02\\\/logo.png\",\"width\":500,\"height\":176,\"caption\":\"Bogfimisetrid Archery Range\"},\"image\":{\"@id\":\"https:\\\/\\\/bogfimisetrid.is\\\/setrid\\\/#\\\/schema\\\/logo\\\/image\\\/\"},\"sameAs\":[\"https:\\\/\\\/www.facebook.com\\\/Bogfimisetrid\\\/?ref=br_rs\"]}]}<\/script>\n<!-- \/ Yoast SEO plugin. -->","yoast_head_json":{"title":"AXCEL Sveigboga Scope Curve Sjef Series RX 8-32 RH .019\" Red Pin - Bogfimisetri\u00f0","robots":{"index":"index","follow":"follow","max-snippet":"max-snippet:-1","max-image-preview":"max-image-preview:large","max-video-preview":"max-video-preview:-1"},"canonical":"https:\/\/bogfimisetrid.is\/setrid\/product\/axcel-sveigboga-scope-curve-sjef-series-rxf-8-32-rh-019-red-pin\/","og_locale":"is_IS","og_type":"article","og_title":"AXCEL Sveigboga Scope Curve Sjef Series RX 8-32 RH .019\" Red Pin - Bogfimisetri\u00f0","og_description":"Scope fyrir sveigboga (er ekki me\u00f0 st\u00e6kkun). H\u00e6gt a\u00f0 s\u00e9rpanta: * LH * me\u00f0 rau\u00f0an e\u00f0a gr\u00e6nan pinna * st\u00e6r\u00f0: .019&#8243; e\u00f0a .0.29&#8243;","og_url":"https:\/\/bogfimisetrid.is\/setrid\/product\/axcel-sveigboga-scope-curve-sjef-series-rxf-8-32-rh-019-red-pin\/","og_site_name":"Bogfimisetri\u00f0","article_publisher":"https:\/\/www.facebook.com\/Bogfimisetrid\/?ref=br_rs","article_modified_time":"2025-03-31T20:54:07+00:00","og_image":[{"width":350,"height":350,"url":"https:\/\/bogfimisetrid.is\/setrid\/wp-content\/uploads\/2019\/02\/axcel-curve-rx-sjef-scope-bkpin19rd.jpg","type":"image\/jpeg"}],"twitter_card":"summary_large_image","twitter_misc":{"Est. reading time":"1 minute"},"schema":{"@context":"https:\/\/schema.org","@graph":[{"@type":"WebPage","@id":"https:\/\/bogfimisetrid.is\/setrid\/product\/axcel-sveigboga-scope-curve-sjef-series-rxf-8-32-rh-019-red-pin\/","url":"https:\/\/bogfimisetrid.is\/setrid\/product\/axcel-sveigboga-scope-curve-sjef-series-rxf-8-32-rh-019-red-pin\/","name":"AXCEL Sveigboga Scope Curve Sjef Series RX 8-32 RH .019\" Red Pin - Bogfimisetri\u00f0","isPartOf":{"@id":"https:\/\/bogfimisetrid.is\/setrid\/#website"},"primaryImageOfPage":{"@id":"https:\/\/bogfimisetrid.is\/setrid\/product\/axcel-sveigboga-scope-curve-sjef-series-rxf-8-32-rh-019-red-pin\/#primaryimage"},"image":{"@id":"https:\/\/bogfimisetrid.is\/setrid\/product\/axcel-sveigboga-scope-curve-sjef-series-rxf-8-32-rh-019-red-pin\/#primaryimage"},"thumbnailUrl":"https:\/\/bogfimisetrid.is\/setrid\/wp-content\/uploads\/2019\/02\/axcel-curve-rx-sjef-scope-bkpin19rd.jpg","datePublished":"2019-02-03T12:15:48+00:00","dateModified":"2025-03-31T20:54:07+00:00","breadcrumb":{"@id":"https:\/\/bogfimisetrid.is\/setrid\/product\/axcel-sveigboga-scope-curve-sjef-series-rxf-8-32-rh-019-red-pin\/#breadcrumb"},"inLanguage":"is","potentialAction":[{"@type":"ReadAction","target":["https:\/\/bogfimisetrid.is\/setrid\/product\/axcel-sveigboga-scope-curve-sjef-series-rxf-8-32-rh-019-red-pin\/"]}]},{"@type":"ImageObject","inLanguage":"is","@id":"https:\/\/bogfimisetrid.is\/setrid\/product\/axcel-sveigboga-scope-curve-sjef-series-rxf-8-32-rh-019-red-pin\/#primaryimage","url":"https:\/\/bogfimisetrid.is\/setrid\/wp-content\/uploads\/2019\/02\/axcel-curve-rx-sjef-scope-bkpin19rd.jpg","contentUrl":"https:\/\/bogfimisetrid.is\/setrid\/wp-content\/uploads\/2019\/02\/axcel-curve-rx-sjef-scope-bkpin19rd.jpg","width":350,"height":350},{"@type":"BreadcrumbList","@id":"https:\/\/bogfimisetrid.is\/setrid\/product\/axcel-sveigboga-scope-curve-sjef-series-rxf-8-32-rh-019-red-pin\/#breadcrumb","itemListElement":[{"@type":"ListItem","position":1,"name":"Home","item":"https:\/\/bogfimisetrid.is\/setrid\/"},{"@type":"ListItem","position":2,"name":"Shop","item":"https:\/\/bogfimisetrid.is\/setrid\/shop\/"},{"@type":"ListItem","position":3,"name":"AXCEL Sveigboga Scope Curve Sjef Series RX 8-32 RH .019&#8243; Red Pin"}]},{"@type":"WebSite","@id":"https:\/\/bogfimisetrid.is\/setrid\/#website","url":"https:\/\/bogfimisetrid.is\/setrid\/","name":"Bogfimisetri\u00f0","description":"Fyrir alla fj\u00f6lskylduna","publisher":{"@id":"https:\/\/bogfimisetrid.is\/setrid\/#organization"},"potentialAction":[{"@type":"SearchAction","target":{"@type":"EntryPoint","urlTemplate":"https:\/\/bogfimisetrid.is\/setrid\/?s={search_term_string}"},"query-input":{"@type":"PropertyValueSpecification","valueRequired":true,"valueName":"search_term_string"}}],"inLanguage":"is"},{"@type":"Organization","@id":"https:\/\/bogfimisetrid.is\/setrid\/#organization","name":"Bogfimisetrid Archery Range","url":"https:\/\/bogfimisetrid.is\/setrid\/","logo":{"@type":"ImageObject","inLanguage":"is","@id":"https:\/\/bogfimisetrid.is\/setrid\/#\/schema\/logo\/image\/","url":"https:\/\/bogfimisetrid.is\/setrid\/wp-content\/uploads\/2018\/02\/logo.png","contentUrl":"https:\/\/bogfimisetrid.is\/setrid\/wp-content\/uploads\/2018\/02\/logo.png","width":500,"height":176,"caption":"Bogfimisetrid Archery Range"},"image":{"@id":"https:\/\/bogfimisetrid.is\/setrid\/#\/schema\/logo\/image\/"},"sameAs":["https:\/\/www.facebook.com\/Bogfimisetrid\/?ref=br_rs"]}]}},"jetpack_publicize_connections":[],"jetpack_sharing_enabled":true,"_links":{"self":[{"href":"https:\/\/bogfimisetrid.is\/setrid\/wp-json\/wp\/v2\/product\/1427","targetHints":{"allow":["GET"]}}],"collection":[{"href":"https:\/\/bogfimisetrid.is\/setrid\/wp-json\/wp\/v2\/product"}],"about":[{"href":"https:\/\/bogfimisetrid.is\/setrid\/wp-json\/wp\/v2\/types\/product"}],"wp:featuredmedia":[{"embeddable":true,"href":"https:\/\/bogfimisetrid.is\/setrid\/wp-json\/wp\/v2\/media\/1428"}],"wp:attachment":[{"href":"https:\/\/bogfimisetrid.is\/setrid\/wp-json\/wp\/v2\/media?parent=1427"}],"wp:term":[{"taxonomy":"product_brand","embeddable":true,"href":"https:\/\/bogfimisetrid.is\/setrid\/wp-json\/wp\/v2\/product_brand?post=1427"},{"taxonomy":"product_cat","embeddable":true,"href":"https:\/\/bogfimisetrid.is\/setrid\/wp-json\/wp\/v2\/product_cat?post=1427"},{"taxonomy":"product_tag","embeddable":true,"href":"https:\/\/bogfimisetrid.is\/setrid\/wp-json\/wp\/v2\/product_tag?post=1427"}],"curies":[{"name":"wp","href":"https:\/\/api.w.org\/{rel}","templated":true}]}}