{"id":75,"date":"2017-07-29T08:29:34","date_gmt":"2017-07-29T08:29:34","guid":{"rendered":"http:\/\/bogfimisetrid.is\/setrid\/?page_id=75"},"modified":"2018-06-05T01:41:20","modified_gmt":"2018-06-05T01:41:20","slug":"serpantanir-og-meira-voruurval","status":"publish","type":"page","link":"https:\/\/bogfimisetrid.is\/setrid\/shop\/serpantanir-og-meira-voruurval\/","title":{"rendered":"S\u00e9rpantanir v\u00f6ru\u00farval"},"content":{"rendered":"<p>H\u00e6gt a\u00f0 er sj\u00e1 allar v\u00f6rurnar sem vi\u00f0 getum panta\u00f0 \u00e1 vefs\u00ed\u00f0um birgjana okkar.<\/p>\n<p>V\u00f6rurnar sem vi\u00f0 erum me\u00f0 \u00ed vefb\u00fa\u00f0inni okkar er \u00fe\u00e6r algengustu sem eru keyptar.<br \/>\nL\u00edti\u00f0 m\u00e1l a\u00f0 s\u00e9rpanta allar a\u00f0rar v\u00f6rur sem eru fr\u00e1 birgjunum, endilega sko\u00f0i\u00f0 \u00farvali\u00f0 hj\u00e1 \u00feeim l\u00edka.<\/p>\n<p>Til a\u00f0 finna \u00fat \u00e1\u00e6tla\u00f0 ver\u00f0 \u00ed s\u00e9rp\u00f6ntun margfaldi\u00f0 ver\u00f0i\u00f0 \u00e1 s\u00ed\u00f0unum h\u00e9r fyrir ne\u00f0an me\u00f0 genginu \u00e1 Evruni og vir\u00f0isaukaskatti (t.d 125&#215;1.24=155 margfaldi\u00f0 ver\u00f0i\u00f0 \u00e1 s\u00ed\u00f0unum me\u00f0 155). (tollurinn og fluttningurinn er innifalinn)<br \/>\n\u00dea\u00f0 v\u00e6ri ver\u00f0i\u00f0 til vi\u00f0mi\u00f0unar, hafi\u00f0 samband vi\u00f0 bogfimisetrid@bogfimisetrid.is til a\u00f0 f\u00e1 n\u00e1kv\u00e6mt ver\u00f0 og panta s\u00e9rpantanir.<\/p>\n<p>S\u00e9rpantanir \u00e1 v\u00f6rum sem eru til \u00e1 lager hj\u00e1 birgjunum tekur almennt um 1-2 vikur. V\u00f6rur sem eru ekki til \u00e1 lager \u00fati geta teki\u00f0 lengri t\u00edma.<\/p>\n<p><a href=\"https:\/\/www.jvd.nl\/\"><img loading=\"lazy\" decoding=\"async\" class=\"alignnone size-full wp-image-120\" src=\"http:\/\/bogfimisetrid.is\/setrid\/wp-content\/uploads\/2017\/07\/sponsor_jvd_web.png\" alt=\"\" width=\"300\" height=\"300\" srcset=\"https:\/\/bogfimisetrid.is\/setrid\/wp-content\/uploads\/2017\/07\/sponsor_jvd_web.png 300w, https:\/\/bogfimisetrid.is\/setrid\/wp-content\/uploads\/2017\/07\/sponsor_jvd_web-100x100.png 100w, https:\/\/bogfimisetrid.is\/setrid\/wp-content\/uploads\/2017\/07\/sponsor_jvd_web-150x150.png 150w\" sizes=\"auto, (max-width: 300px) 100vw, 300px\" \/><\/a><\/p>\n<p><a href=\"https:\/\/www.jvd.nl\/\">https:\/\/www.jvd.nl\/<\/a> (JVD hefur breytt miki\u00f0 af ver\u00f0um \u00e1 s\u00ed\u00f0uni sinni, geri\u00f0 r\u00e1\u00f0 fyrir \u00fev\u00ed a\u00f0 ver\u00f0i\u00f0 g\u00e6ti veri\u00f0 l\u00e6gra \u00e1 m\u00f6rgum v\u00f6rum fr\u00e1 \u00feeim)<\/p>\n<p>og<\/p>\n<p><a href=\"http:\/\/www.ssa-archery.be\/products.php?lang=en\"><img loading=\"lazy\" decoding=\"async\" class=\"alignnone size-medium wp-image-121\" src=\"http:\/\/bogfimisetrid.is\/setrid\/wp-content\/uploads\/2017\/07\/ssa-archery-300x300.jpeg\" alt=\"\" width=\"300\" height=\"300\" srcset=\"https:\/\/bogfimisetrid.is\/setrid\/wp-content\/uploads\/2017\/07\/ssa-archery-300x300.jpeg 300w, https:\/\/bogfimisetrid.is\/setrid\/wp-content\/uploads\/2017\/07\/ssa-archery-324x324.jpeg 324w, https:\/\/bogfimisetrid.is\/setrid\/wp-content\/uploads\/2017\/07\/ssa-archery-100x100.jpeg 100w, https:\/\/bogfimisetrid.is\/setrid\/wp-content\/uploads\/2017\/07\/ssa-archery-416x416.jpeg 416w, https:\/\/bogfimisetrid.is\/setrid\/wp-content\/uploads\/2017\/07\/ssa-archery-150x150.jpeg 150w, https:\/\/bogfimisetrid.is\/setrid\/wp-content\/uploads\/2017\/07\/ssa-archery.jpeg 500w\" sizes=\"auto, (max-width: 300px) 100vw, 300px\" \/><\/a><\/p>\n<p><a href=\"http:\/\/www.ssa-archery.be\/products.php?lang=en\">http:\/\/www.ssa-archery.be\/products.php?lang=en<\/a><\/p>\n<p>ATH. Ekki er h\u00e6gt a\u00f0 skila s\u00e9rp\u00f6ntu\u00f0um v\u00f6rum nema \u00fe\u00e6r s\u00e9u galla\u00f0ar fr\u00e1 framlei\u00f0anda.<\/p>\n","protected":false},"excerpt":{"rendered":"<p>H\u00e6gt a\u00f0 er sj\u00e1 allar v\u00f6rurnar sem vi\u00f0 getum panta\u00f0 \u00e1 vefs\u00ed\u00f0um birgjana okkar. V\u00f6rurnar sem vi\u00f0 erum me\u00f0 \u00ed vefb\u00fa\u00f0inni okkar er \u00fe\u00e6r algengustu sem eru keyptar. L\u00edti\u00f0 m\u00e1l a\u00f0 s\u00e9rpanta allar a\u00f0rar v\u00f6rur sem eru fr\u00e1 birgjunum, endilega sko\u00f0i\u00f0 \u00farvali\u00f0 hj\u00e1 \u00feeim l\u00edka. Til a\u00f0 finna \u00fat \u00e1\u00e6tla\u00f0 ver\u00f0 \u00ed s\u00e9rp\u00f6ntun margfaldi\u00f0 ver\u00f0i\u00f0 [&hellip;]<\/p>\n","protected":false},"author":1,"featured_media":0,"parent":13,"menu_order":0,"comment_status":"closed","ping_status":"closed","template":"","meta":{"jetpack_post_was_ever_published":false,"footnotes":""},"class_list":["post-75","page","type-page","status-publish","hentry"],"yoast_head":"<!-- This site is optimized with the Yoast SEO plugin v27.4 - https:\/\/yoast.com\/product\/yoast-seo-wordpress\/ -->\n<title>S\u00e9rpantanir v\u00f6ru\u00farval - Bogfimisetri\u00f0<\/title>\n<meta name=\"robots\" content=\"index, follow, max-snippet:-1, max-image-preview:large, max-video-preview:-1\" \/>\n<link rel=\"canonical\" href=\"https:\/\/bogfimisetrid.is\/setrid\/shop\/serpantanir-og-meira-voruurval\/\" \/>\n<meta property=\"og:locale\" content=\"is_IS\" \/>\n<meta property=\"og:type\" content=\"article\" \/>\n<meta property=\"og:title\" content=\"S\u00e9rpantanir v\u00f6ru\u00farval - Bogfimisetri\u00f0\" \/>\n<meta property=\"og:description\" content=\"H\u00e6gt a\u00f0 er sj\u00e1 allar v\u00f6rurnar sem vi\u00f0 getum panta\u00f0 \u00e1 vefs\u00ed\u00f0um birgjana okkar. V\u00f6rurnar sem vi\u00f0 erum me\u00f0 \u00ed vefb\u00fa\u00f0inni okkar er \u00fe\u00e6r algengustu sem eru keyptar. L\u00edti\u00f0 m\u00e1l a\u00f0 s\u00e9rpanta allar a\u00f0rar v\u00f6rur sem eru fr\u00e1 birgjunum, endilega sko\u00f0i\u00f0 \u00farvali\u00f0 hj\u00e1 \u00feeim l\u00edka. Til a\u00f0 finna \u00fat \u00e1\u00e6tla\u00f0 ver\u00f0 \u00ed s\u00e9rp\u00f6ntun margfaldi\u00f0 ver\u00f0i\u00f0 [&hellip;]\" \/>\n<meta property=\"og:url\" content=\"https:\/\/bogfimisetrid.is\/setrid\/shop\/serpantanir-og-meira-voruurval\/\" \/>\n<meta property=\"og:site_name\" content=\"Bogfimisetri\u00f0\" \/>\n<meta property=\"article:publisher\" content=\"https:\/\/www.facebook.com\/Bogfimisetrid\/?ref=br_rs\" \/>\n<meta property=\"article:modified_time\" content=\"2018-06-05T01:41:20+00:00\" \/>\n<meta property=\"og:image\" content=\"http:\/\/bogfimisetrid.is\/setrid\/wp-content\/uploads\/2017\/07\/sponsor_jvd_web.png\" \/>\n<meta name=\"twitter:card\" content=\"summary_large_image\" \/>\n<meta name=\"twitter:label1\" content=\"Est. reading time\" \/>\n\t<meta name=\"twitter:data1\" content=\"1 minute\" \/>\n<script type=\"application\/ld+json\" class=\"yoast-schema-graph\">{\"@context\":\"https:\\\/\\\/schema.org\",\"@graph\":[{\"@type\":\"WebPage\",\"@id\":\"https:\\\/\\\/bogfimisetrid.is\\\/setrid\\\/shop\\\/serpantanir-og-meira-voruurval\\\/\",\"url\":\"https:\\\/\\\/bogfimisetrid.is\\\/setrid\\\/shop\\\/serpantanir-og-meira-voruurval\\\/\",\"name\":\"S\u00e9rpantanir v\u00f6ru\u00farval - Bogfimisetri\u00f0\",\"isPartOf\":{\"@id\":\"https:\\\/\\\/bogfimisetrid.is\\\/setrid\\\/#website\"},\"primaryImageOfPage\":{\"@id\":\"https:\\\/\\\/bogfimisetrid.is\\\/setrid\\\/shop\\\/serpantanir-og-meira-voruurval\\\/#primaryimage\"},\"image\":{\"@id\":\"https:\\\/\\\/bogfimisetrid.is\\\/setrid\\\/shop\\\/serpantanir-og-meira-voruurval\\\/#primaryimage\"},\"thumbnailUrl\":\"http:\\\/\\\/bogfimisetrid.is\\\/setrid\\\/wp-content\\\/uploads\\\/2017\\\/07\\\/sponsor_jvd_web.png\",\"datePublished\":\"2017-07-29T08:29:34+00:00\",\"dateModified\":\"2018-06-05T01:41:20+00:00\",\"breadcrumb\":{\"@id\":\"https:\\\/\\\/bogfimisetrid.is\\\/setrid\\\/shop\\\/serpantanir-og-meira-voruurval\\\/#breadcrumb\"},\"inLanguage\":\"is\",\"potentialAction\":[{\"@type\":\"ReadAction\",\"target\":[\"https:\\\/\\\/bogfimisetrid.is\\\/setrid\\\/shop\\\/serpantanir-og-meira-voruurval\\\/\"]}]},{\"@type\":\"ImageObject\",\"inLanguage\":\"is\",\"@id\":\"https:\\\/\\\/bogfimisetrid.is\\\/setrid\\\/shop\\\/serpantanir-og-meira-voruurval\\\/#primaryimage\",\"url\":\"http:\\\/\\\/bogfimisetrid.is\\\/setrid\\\/wp-content\\\/uploads\\\/2017\\\/07\\\/sponsor_jvd_web.png\",\"contentUrl\":\"http:\\\/\\\/bogfimisetrid.is\\\/setrid\\\/wp-content\\\/uploads\\\/2017\\\/07\\\/sponsor_jvd_web.png\"},{\"@type\":\"BreadcrumbList\",\"@id\":\"https:\\\/\\\/bogfimisetrid.is\\\/setrid\\\/shop\\\/serpantanir-og-meira-voruurval\\\/#breadcrumb\",\"itemListElement\":[{\"@type\":\"ListItem\",\"position\":1,\"name\":\"Home\",\"item\":\"https:\\\/\\\/bogfimisetrid.is\\\/setrid\\\/\"},{\"@type\":\"ListItem\",\"position\":2,\"name\":\"Shop\",\"item\":\"https:\\\/\\\/bogfimisetrid.is\\\/setrid\\\/shop\\\/\"},{\"@type\":\"ListItem\",\"position\":3,\"name\":\"S\u00e9rpantanir v\u00f6ru\u00farval\"}]},{\"@type\":\"WebSite\",\"@id\":\"https:\\\/\\\/bogfimisetrid.is\\\/setrid\\\/#website\",\"url\":\"https:\\\/\\\/bogfimisetrid.is\\\/setrid\\\/\",\"name\":\"Bogfimisetri\u00f0\",\"description\":\"Fyrir alla fj\u00f6lskylduna\",\"publisher\":{\"@id\":\"https:\\\/\\\/bogfimisetrid.is\\\/setrid\\\/#organization\"},\"potentialAction\":[{\"@type\":\"SearchAction\",\"target\":{\"@type\":\"EntryPoint\",\"urlTemplate\":\"https:\\\/\\\/bogfimisetrid.is\\\/setrid\\\/?s={search_term_string}\"},\"query-input\":{\"@type\":\"PropertyValueSpecification\",\"valueRequired\":true,\"valueName\":\"search_term_string\"}}],\"inLanguage\":\"is\"},{\"@type\":\"Organization\",\"@id\":\"https:\\\/\\\/bogfimisetrid.is\\\/setrid\\\/#organization\",\"name\":\"Bogfimisetrid Archery Range\",\"url\":\"https:\\\/\\\/bogfimisetrid.is\\\/setrid\\\/\",\"logo\":{\"@type\":\"ImageObject\",\"inLanguage\":\"is\",\"@id\":\"https:\\\/\\\/bogfimisetrid.is\\\/setrid\\\/#\\\/schema\\\/logo\\\/image\\\/\",\"url\":\"https:\\\/\\\/bogfimisetrid.is\\\/setrid\\\/wp-content\\\/uploads\\\/2018\\\/02\\\/logo.png\",\"contentUrl\":\"https:\\\/\\\/bogfimisetrid.is\\\/setrid\\\/wp-content\\\/uploads\\\/2018\\\/02\\\/logo.png\",\"width\":500,\"height\":176,\"caption\":\"Bogfimisetrid Archery Range\"},\"image\":{\"@id\":\"https:\\\/\\\/bogfimisetrid.is\\\/setrid\\\/#\\\/schema\\\/logo\\\/image\\\/\"},\"sameAs\":[\"https:\\\/\\\/www.facebook.com\\\/Bogfimisetrid\\\/?ref=br_rs\"]}]}<\/script>\n<!-- \/ Yoast SEO plugin. -->","yoast_head_json":{"title":"S\u00e9rpantanir v\u00f6ru\u00farval - Bogfimisetri\u00f0","robots":{"index":"index","follow":"follow","max-snippet":"max-snippet:-1","max-image-preview":"max-image-preview:large","max-video-preview":"max-video-preview:-1"},"canonical":"https:\/\/bogfimisetrid.is\/setrid\/shop\/serpantanir-og-meira-voruurval\/","og_locale":"is_IS","og_type":"article","og_title":"S\u00e9rpantanir v\u00f6ru\u00farval - Bogfimisetri\u00f0","og_description":"H\u00e6gt a\u00f0 er sj\u00e1 allar v\u00f6rurnar sem vi\u00f0 getum panta\u00f0 \u00e1 vefs\u00ed\u00f0um birgjana okkar. V\u00f6rurnar sem vi\u00f0 erum me\u00f0 \u00ed vefb\u00fa\u00f0inni okkar er \u00fe\u00e6r algengustu sem eru keyptar. L\u00edti\u00f0 m\u00e1l a\u00f0 s\u00e9rpanta allar a\u00f0rar v\u00f6rur sem eru fr\u00e1 birgjunum, endilega sko\u00f0i\u00f0 \u00farvali\u00f0 hj\u00e1 \u00feeim l\u00edka. Til a\u00f0 finna \u00fat \u00e1\u00e6tla\u00f0 ver\u00f0 \u00ed s\u00e9rp\u00f6ntun margfaldi\u00f0 ver\u00f0i\u00f0 [&hellip;]","og_url":"https:\/\/bogfimisetrid.is\/setrid\/shop\/serpantanir-og-meira-voruurval\/","og_site_name":"Bogfimisetri\u00f0","article_publisher":"https:\/\/www.facebook.com\/Bogfimisetrid\/?ref=br_rs","article_modified_time":"2018-06-05T01:41:20+00:00","og_image":[{"url":"http:\/\/bogfimisetrid.is\/setrid\/wp-content\/uploads\/2017\/07\/sponsor_jvd_web.png","type":"","width":"","height":""}],"twitter_card":"summary_large_image","twitter_misc":{"Est. reading time":"1 minute"},"schema":{"@context":"https:\/\/schema.org","@graph":[{"@type":"WebPage","@id":"https:\/\/bogfimisetrid.is\/setrid\/shop\/serpantanir-og-meira-voruurval\/","url":"https:\/\/bogfimisetrid.is\/setrid\/shop\/serpantanir-og-meira-voruurval\/","name":"S\u00e9rpantanir v\u00f6ru\u00farval - Bogfimisetri\u00f0","isPartOf":{"@id":"https:\/\/bogfimisetrid.is\/setrid\/#website"},"primaryImageOfPage":{"@id":"https:\/\/bogfimisetrid.is\/setrid\/shop\/serpantanir-og-meira-voruurval\/#primaryimage"},"image":{"@id":"https:\/\/bogfimisetrid.is\/setrid\/shop\/serpantanir-og-meira-voruurval\/#primaryimage"},"thumbnailUrl":"http:\/\/bogfimisetrid.is\/setrid\/wp-content\/uploads\/2017\/07\/sponsor_jvd_web.png","datePublished":"2017-07-29T08:29:34+00:00","dateModified":"2018-06-05T01:41:20+00:00","breadcrumb":{"@id":"https:\/\/bogfimisetrid.is\/setrid\/shop\/serpantanir-og-meira-voruurval\/#breadcrumb"},"inLanguage":"is","potentialAction":[{"@type":"ReadAction","target":["https:\/\/bogfimisetrid.is\/setrid\/shop\/serpantanir-og-meira-voruurval\/"]}]},{"@type":"ImageObject","inLanguage":"is","@id":"https:\/\/bogfimisetrid.is\/setrid\/shop\/serpantanir-og-meira-voruurval\/#primaryimage","url":"http:\/\/bogfimisetrid.is\/setrid\/wp-content\/uploads\/2017\/07\/sponsor_jvd_web.png","contentUrl":"http:\/\/bogfimisetrid.is\/setrid\/wp-content\/uploads\/2017\/07\/sponsor_jvd_web.png"},{"@type":"BreadcrumbList","@id":"https:\/\/bogfimisetrid.is\/setrid\/shop\/serpantanir-og-meira-voruurval\/#breadcrumb","itemListElement":[{"@type":"ListItem","position":1,"name":"Home","item":"https:\/\/bogfimisetrid.is\/setrid\/"},{"@type":"ListItem","position":2,"name":"Shop","item":"https:\/\/bogfimisetrid.is\/setrid\/shop\/"},{"@type":"ListItem","position":3,"name":"S\u00e9rpantanir v\u00f6ru\u00farval"}]},{"@type":"WebSite","@id":"https:\/\/bogfimisetrid.is\/setrid\/#website","url":"https:\/\/bogfimisetrid.is\/setrid\/","name":"Bogfimisetri\u00f0","description":"Fyrir alla fj\u00f6lskylduna","publisher":{"@id":"https:\/\/bogfimisetrid.is\/setrid\/#organization"},"potentialAction":[{"@type":"SearchAction","target":{"@type":"EntryPoint","urlTemplate":"https:\/\/bogfimisetrid.is\/setrid\/?s={search_term_string}"},"query-input":{"@type":"PropertyValueSpecification","valueRequired":true,"valueName":"search_term_string"}}],"inLanguage":"is"},{"@type":"Organization","@id":"https:\/\/bogfimisetrid.is\/setrid\/#organization","name":"Bogfimisetrid Archery Range","url":"https:\/\/bogfimisetrid.is\/setrid\/","logo":{"@type":"ImageObject","inLanguage":"is","@id":"https:\/\/bogfimisetrid.is\/setrid\/#\/schema\/logo\/image\/","url":"https:\/\/bogfimisetrid.is\/setrid\/wp-content\/uploads\/2018\/02\/logo.png","contentUrl":"https:\/\/bogfimisetrid.is\/setrid\/wp-content\/uploads\/2018\/02\/logo.png","width":500,"height":176,"caption":"Bogfimisetrid Archery Range"},"image":{"@id":"https:\/\/bogfimisetrid.is\/setrid\/#\/schema\/logo\/image\/"},"sameAs":["https:\/\/www.facebook.com\/Bogfimisetrid\/?ref=br_rs"]}]}},"jetpack_sharing_enabled":true,"jetpack_shortlink":"https:\/\/wp.me\/Pa69Th-1d","_links":{"self":[{"href":"https:\/\/bogfimisetrid.is\/setrid\/wp-json\/wp\/v2\/pages\/75","targetHints":{"allow":["GET"]}}],"collection":[{"href":"https:\/\/bogfimisetrid.is\/setrid\/wp-json\/wp\/v2\/pages"}],"about":[{"href":"https:\/\/bogfimisetrid.is\/setrid\/wp-json\/wp\/v2\/types\/page"}],"author":[{"embeddable":true,"href":"https:\/\/bogfimisetrid.is\/setrid\/wp-json\/wp\/v2\/users\/1"}],"replies":[{"embeddable":true,"href":"https:\/\/bogfimisetrid.is\/setrid\/wp-json\/wp\/v2\/comments?post=75"}],"version-history":[{"count":11,"href":"https:\/\/bogfimisetrid.is\/setrid\/wp-json\/wp\/v2\/pages\/75\/revisions"}],"predecessor-version":[{"id":384,"href":"https:\/\/bogfimisetrid.is\/setrid\/wp-json\/wp\/v2\/pages\/75\/revisions\/384"}],"up":[{"embeddable":true,"href":"https:\/\/bogfimisetrid.is\/setrid\/wp-json\/wp\/v2\/pages\/13"}],"wp:attachment":[{"href":"https:\/\/bogfimisetrid.is\/setrid\/wp-json\/wp\/v2\/media?parent=75"}],"curies":[{"name":"wp","href":"https:\/\/api.w.org\/{rel}","templated":true}]}}